{"id":5732,"date":"2025-02-25T16:53:02","date_gmt":"2025-02-25T15:53:02","guid":{"rendered":"https:\/\/alphatec-engineering.com\/products-2\/high-performance-epoxy-grouts-for-heavy-machinery\/"},"modified":"2026-02-12T17:08:16","modified_gmt":"2026-02-12T16:08:16","slug":"coulis-epoxy-haute-performance-pour-machines-lourdes","status":"publish","type":"page","link":"https:\/\/alphatec-engineering.com\/fr\/produits\/coulis-epoxy-haute-performance-pour-machines-lourdes\/","title":{"rendered":"Grout \u00e9poxy haute performance pour machines lourdes"},"content":{"rendered":"[vc_row type=\u00a0\u00bbin_container\u00a0\u00bb full_screen_row_position=\u00a0\u00bbmiddle\u00a0\u00bb column_margin=\u00a0\u00bbdefault\u00a0\u00bb column_direction=\u00a0\u00bbdefault\u00a0\u00bb column_direction_tablet=\u00a0\u00bbdefault\u00a0\u00bb column_direction_phone=\u00a0\u00bbdefault\u00a0\u00bb scene_position=\u00a0\u00bbcenter\u00a0\u00bb top_padding=\u00a0\u00bb150px\u00a0\u00bb bottom_padding=\u00a0\u00bb30px\u00a0\u00bb bottom_padding_phone=\u00a0\u00bb0px\u00a0\u00bb text_color=\u00a0\u00bbdark\u00a0\u00bb text_align=\u00a0\u00bbleft\u00a0\u00bb row_border_radius=\u00a0\u00bbnone\u00a0\u00bb row_border_radius_applies=\u00a0\u00bbbg\u00a0\u00bb overflow=\u00a0\u00bbvisible\u00a0\u00bb overlay_strength=\u00a0\u00bb0.3&Prime; gradient_direction=\u00a0\u00bbleft_to_right\u00a0\u00bb shape_divider_position=\u00a0\u00bbbottom\u00a0\u00bb bg_image_animation=\u00a0\u00bbnone\u00a0\u00bb gradient_type=\u00a0\u00bbdefault\u00a0\u00bb shape_type=\u00a0\u00bb\u00a0\u00bb][vc_column column_padding=\u00a0\u00bbno-extra-padding\u00a0\u00bb column_padding_tablet=\u00a0\u00bbinherit\u00a0\u00bb column_padding_phone=\u00a0\u00bbinherit\u00a0\u00bb column_padding_position=\u00a0\u00bball\u00a0\u00bb column_element_direction_desktop=\u00a0\u00bbdefault\u00a0\u00bb column_element_spacing=\u00a0\u00bbdefault\u00a0\u00bb desktop_text_alignment=\u00a0\u00bbdefault\u00a0\u00bb tablet_text_alignment=\u00a0\u00bbdefault\u00a0\u00bb phone_text_alignment=\u00a0\u00bbdefault\u00a0\u00bb background_color_opacity=\u00a0\u00bb1&Prime; background_hover_color_opacity=\u00a0\u00bb1&Prime; column_backdrop_filter=\u00a0\u00bbnone\u00a0\u00bb font_color=\u00a0\u00bb#4d6dd9&Prime; column_shadow=\u00a0\u00bbnone\u00a0\u00bb column_border_radius=\u00a0\u00bbnone\u00a0\u00bb column_link_target=\u00a0\u00bb_self\u00a0\u00bb column_position=\u00a0\u00bbdefault\u00a0\u00bb gradient_direction=\u00a0\u00bbleft_to_right\u00a0\u00bb overlay_strength=\u00a0\u00bb0.3&Prime; width=\u00a0\u00bb1\/1&Prime; tablet_width_inherit=\u00a0\u00bbdefault\u00a0\u00bb animation_type=\u00a0\u00bbdefault\u00a0\u00bb bg_image_animation=\u00a0\u00bbnone\u00a0\u00bb border_type=\u00a0\u00bbsimple\u00a0\u00bb column_border_width=\u00a0\u00bbnone\u00a0\u00bb column_border_style=\u00a0\u00bbsolid\u00a0\u00bb column_padding_type=\u00a0\u00bbdefault\u00a0\u00bb gradient_type=\u00a0\u00bbdefault\u00a0\u00bb][split_line_heading animation_type=\u00a0\u00bbline-reveal-by-space\u00a0\u00bb font_style=\u00a0\u00bbh1&Prime; text_color=\u00a0\u00bb#333333&Prime; font_size_max=\u00a0\u00bb70px\u00a0\u00bb line_reveal_by_space_text_effect=\u00a0\u00bbletter-reveal-bottom\u00a0\u00bb stagger_animation=\u00a0\u00bbtrue\u00a0\u00bb content_alignment=\u00a0\u00bbdefault\u00a0\u00bb mobile_content_alignment=\u00a0\u00bbinherit\u00a0\u00bb link_target=\u00a0\u00bb_self\u00a0\u00bb text_content=\u00a0\u00bbGrout \u00e9poxy haute performance pour machines lourdes\u00a0\u00bb text_direction=\u00a0\u00bbdefault\u00a0\u00bb font_size=\u00a0\u00bb70px\u00a0\u00bb font_size_phone=\u00a0\u00bb40px\u00a0\u00bb font_line_height=\u00a0\u00bb1.3&Prime;][\/split_line_heading][\/vc_column][\/vc_row][vc_row type=\u00a0\u00bbin_container\u00a0\u00bb full_screen_row_position=\u00a0\u00bbmiddle\u00a0\u00bb column_margin=\u00a0\u00bbdefault\u00a0\u00bb column_direction=\u00a0\u00bbdefault\u00a0\u00bb column_direction_tablet=\u00a0\u00bbdefault\u00a0\u00bb column_direction_phone=\u00a0\u00bbdefault\u00a0\u00bb bg_image=\u00a0\u00bb4883&Prime; bg_position=\u00a0\u00bbcenter center\u00a0\u00bb background_image_loading=\u00a0\u00bbdefault\u00a0\u00bb bg_repeat=\u00a0\u00bbno-repeat\u00a0\u00bb scene_position=\u00a0\u00bbcenter\u00a0\u00bb bottom_margin=\u00a0\u00bb40px\u00a0\u00bb text_color=\u00a0\u00bblight\u00a0\u00bb text_align=\u00a0\u00bbleft\u00a0\u00bb row_border_radius=\u00a0\u00bbnone\u00a0\u00bb row_border_radius_applies=\u00a0\u00bbbg\u00a0\u00bb overflow=\u00a0\u00bbvisible\u00a0\u00bb overlay_strength=\u00a0\u00bb0.3&Prime; gradient_direction=\u00a0\u00bbleft_to_right\u00a0\u00bb shape_divider_position=\u00a0\u00bbbottom\u00a0\u00bb bg_image_animation=\u00a0\u00bbnone\u00a0\u00bb gradient_type=\u00a0\u00bbdefault\u00a0\u00bb shape_type=\u00a0\u00bb\u00a0\u00bb][vc_column top_padding_desktop=\u00a0\u00bb200px\u00a0\u00bb bottom_padding_desktop=\u00a0\u00bb200px\u00a0\u00bb left_padding_desktop=\u00a0\u00bb3%\u00a0\u00bb constrain_group_101=\u00a0\u00bbyes\u00a0\u00bb right_padding_desktop=\u00a0\u00bb3%\u00a0\u00bb bottom_padding_phone=\u00a0\u00bb200px\u00a0\u00bb column_element_direction_desktop=\u00a0\u00bbdefault\u00a0\u00bb column_element_spacing=\u00a0\u00bbdefault\u00a0\u00bb desktop_text_alignment=\u00a0\u00bbdefault\u00a0\u00bb tablet_text_alignment=\u00a0\u00bbdefault\u00a0\u00bb phone_text_alignment=\u00a0\u00bbdefault\u00a0\u00bb background_color_opacity=\u00a0\u00bb1&Prime; background_hover_color_opacity=\u00a0\u00bb1&Prime; column_backdrop_filter=\u00a0\u00bbnone\u00a0\u00bb column_shadow=\u00a0\u00bbnone\u00a0\u00bb column_border_radius=\u00a0\u00bbnone\u00a0\u00bb column_link_target=\u00a0\u00bb_self\u00a0\u00bb column_position=\u00a0\u00bbdefault\u00a0\u00bb gradient_direction=\u00a0\u00bbleft_to_right\u00a0\u00bb overlay_strength=\u00a0\u00bb0.3&Prime; width=\u00a0\u00bb1\/1&Prime; tablet_width_inherit=\u00a0\u00bbdefault\u00a0\u00bb animation_type=\u00a0\u00bbdefault\u00a0\u00bb enable_animation=\u00a0\u00bbtrue\u00a0\u00bb animation=\u00a0\u00bbfade-in-from-bottom\u00a0\u00bb animation_easing=\u00a0\u00bbdefault\u00a0\u00bb bg_image_animation=\u00a0\u00bbnone\u00a0\u00bb border_type=\u00a0\u00bbsimple\u00a0\u00bb column_border_width=\u00a0\u00bbnone\u00a0\u00bb column_border_style=\u00a0\u00bbsolid\u00a0\u00bb column_padding_type=\u00a0\u00bbadvanced\u00a0\u00bb gradient_type=\u00a0\u00bbdefault\u00a0\u00bb][\/vc_column][\/vc_row][vc_row type=\u00a0\u00bbin_container\u00a0\u00bb full_screen_row_position=\u00a0\u00bbmiddle\u00a0\u00bb column_margin=\u00a0\u00bbdefault\u00a0\u00bb column_direction=\u00a0\u00bbdefault\u00a0\u00bb column_direction_tablet=\u00a0\u00bbdefault\u00a0\u00bb column_direction_phone=\u00a0\u00bbdefault\u00a0\u00bb scene_position=\u00a0\u00bbcenter\u00a0\u00bb bottom_padding=\u00a0\u00bb150px\u00a0\u00bb text_color=\u00a0\u00bbdark\u00a0\u00bb text_align=\u00a0\u00bbleft\u00a0\u00bb row_border_radius=\u00a0\u00bbnone\u00a0\u00bb row_border_radius_applies=\u00a0\u00bbbg\u00a0\u00bb overflow=\u00a0\u00bbvisible\u00a0\u00bb overlay_strength=\u00a0\u00bb0.3&Prime; gradient_direction=\u00a0\u00bbleft_to_right\u00a0\u00bb shape_divider_position=\u00a0\u00bbbottom\u00a0\u00bb bg_image_animation=\u00a0\u00bbnone\u00a0\u00bb gradient_type=\u00a0\u00bbdefault\u00a0\u00bb shape_type=\u00a0\u00bb\u00a0\u00bb][vc_column column_padding=\u00a0\u00bbno-extra-padding\u00a0\u00bb column_padding_tablet=\u00a0\u00bbinherit\u00a0\u00bb column_padding_phone=\u00a0\u00bbinherit\u00a0\u00bb column_padding_position=\u00a0\u00bball\u00a0\u00bb column_element_direction_desktop=\u00a0\u00bbdefault\u00a0\u00bb column_element_spacing=\u00a0\u00bbdefault\u00a0\u00bb desktop_text_alignment=\u00a0\u00bbdefault\u00a0\u00bb tablet_text_alignment=\u00a0\u00bbdefault\u00a0\u00bb phone_text_alignment=\u00a0\u00bbdefault\u00a0\u00bb background_color_opacity=\u00a0\u00bb1&Prime; background_hover_color_opacity=\u00a0\u00bb1&Prime; column_backdrop_filter=\u00a0\u00bbnone\u00a0\u00bb column_shadow=\u00a0\u00bbnone\u00a0\u00bb column_border_radius=\u00a0\u00bbnone\u00a0\u00bb column_link_target=\u00a0\u00bb_self\u00a0\u00bb column_position=\u00a0\u00bbdefault\u00a0\u00bb gradient_direction=\u00a0\u00bbleft_to_right\u00a0\u00bb overlay_strength=\u00a0\u00bb0.3&Prime; width=\u00a0\u00bb1\/1&Prime; tablet_width_inherit=\u00a0\u00bbdefault\u00a0\u00bb animation_type=\u00a0\u00bbdefault\u00a0\u00bb bg_image_animation=\u00a0\u00bbnone\u00a0\u00bb border_type=\u00a0\u00bbsimple\u00a0\u00bb column_border_width=\u00a0\u00bbnone\u00a0\u00bb column_border_style=\u00a0\u00bbsolid\u00a0\u00bb][nectar_horizontal_list_item columns=\u00a0\u00bb3&Prime; column_layout_using_3_columns=\u00a0\u00bblarge_middle\u00a0\u00bb responsive_display=\u00a0\u00bbstacked\u00a0\u00bb col_1_text_align=\u00a0\u00bbleft\u00a0\u00bb col_2_text_align=\u00a0\u00bbleft\u00a0\u00bb col_3_text_align=\u00a0\u00bbright\u00a0\u00bb col_1_text_element=\u00a0\u00bbh4&Prime; col_2_text_element=\u00a0\u00bbp\u00a0\u00bb col_3_text_element=\u00a0\u00bbp\u00a0\u00bb font_family=\u00a0\u00bbp\u00a0\u00bb hover_effect=\u00a0\u00bbnone\u00a0\u00bb border_animation=\u00a0\u00bbtrue\u00a0\u00bb border_color=\u00a0\u00bb#e8e8e8&Prime; icon_family=\u00a0\u00bbnone\u00a0\u00bb icon_size=\u00a0\u00bbsmall\u00a0\u00bb col_1_content=\u00a0\u00bbAT800&Prime; col_2_content=\u00a0\u00bbALPHATEC\u00ae 800 : Grout haute performance pour machines lourdes, disponible en version standard et hiver.\u00a0\u00bb cta_1_text=\u00a0\u00bbEN SAVOIR PLUS\u00a0\u00bb url=\u00a0\u00bbhttps:\/\/alphatec-engineering.com\/products\/high-performance-epoxy-grouts-for-heavy-machinery\/at800-alphatec-800-high-performance-epoxy-grout\/\u00a0\u00bb][nectar_horizontal_list_item columns=\u00a0\u00bb3&Prime; column_layout_using_3_columns=\u00a0\u00bblarge_middle\u00a0\u00bb responsive_display=\u00a0\u00bbstacked\u00a0\u00bb col_1_text_align=\u00a0\u00bbleft\u00a0\u00bb col_2_text_align=\u00a0\u00bbleft\u00a0\u00bb col_3_text_align=\u00a0\u00bbright\u00a0\u00bb col_1_text_element=\u00a0\u00bbh4&Prime; col_2_text_element=\u00a0\u00bbp\u00a0\u00bb col_3_text_element=\u00a0\u00bbp\u00a0\u00bb font_family=\u00a0\u00bbp\u00a0\u00bb hover_effect=\u00a0\u00bbnone\u00a0\u00bb border_animation=\u00a0\u00bbtrue\u00a0\u00bb border_color=\u00a0\u00bb#e8e8e8&Prime; icon_family=\u00a0\u00bbnone\u00a0\u00bb icon_size=\u00a0\u00bbsmall\u00a0\u00bb col_1_content=\u00a0\u00bbAT808&Prime; col_2_content=\u00a0\u00bbALPHATEC\u00ae 808 : Version \u00e0 basse viscosit\u00e9 pour les espaces restreints et les applications de pr\u00e9cision.\u00a0\u00bb cta_1_text=\u00a0\u00bbEN SAVOIR PLUS\u00a0\u00bb url=\u00a0\u00bbhttps:\/\/alphatec-engineering.com\/products\/high-performance-epoxy-grouts-for-heavy-machinery\/alphatec-808-high-performance-epoxy-grout\/\u00a0\u00bb][nectar_horizontal_list_item columns=\u00a0\u00bb3&Prime; column_layout_using_3_columns=\u00a0\u00bblarge_middle\u00a0\u00bb responsive_display=\u00a0\u00bbstacked\u00a0\u00bb col_1_text_align=\u00a0\u00bbleft\u00a0\u00bb col_2_text_align=\u00a0\u00bbleft\u00a0\u00bb col_3_text_align=\u00a0\u00bbright\u00a0\u00bb col_1_text_element=\u00a0\u00bbh4&Prime; col_2_text_element=\u00a0\u00bbp\u00a0\u00bb col_3_text_element=\u00a0\u00bbp\u00a0\u00bb font_family=\u00a0\u00bbp\u00a0\u00bb hover_effect=\u00a0\u00bbnone\u00a0\u00bb border_animation=\u00a0\u00bbtrue\u00a0\u00bb border_color=\u00a0\u00bb#e8e8e8&Prime; icon_family=\u00a0\u00bbnone\u00a0\u00bb icon_size=\u00a0\u00bbsmall\u00a0\u00bb col_1_content=\u00a0\u00bbAT110&Prime; col_2_content=\u00a0\u00bbALPHATEC\u00ae 110 : Grout \u00e9poxy \u00e0 prise rapide, id\u00e9al pour les installations par basses temp\u00e9ratures ou pour acc\u00e9l\u00e9rer la remise en service lors des arr\u00eats techniques.\u00a0\u00bb cta_1_text=\u00a0\u00bbEN SAVOIR PLUS\u00a0\u00bb url=\u00a0\u00bbhttps:\/\/alphatec-engineering.com\/products\/high-performance-epoxy-grouts-for-heavy-machinery\/at110-alphatec-110-fast-curing-epoxy-grout\/\u00a0\u00bb][nectar_horizontal_list_item columns=\u00a0\u00bb3&Prime; column_layout_using_3_columns=\u00a0\u00bblarge_middle\u00a0\u00bb responsive_display=\u00a0\u00bbstacked\u00a0\u00bb col_1_text_align=\u00a0\u00bbleft\u00a0\u00bb col_2_text_align=\u00a0\u00bbleft\u00a0\u00bb col_3_text_align=\u00a0\u00bbright\u00a0\u00bb col_1_text_element=\u00a0\u00bbh4&Prime; col_2_text_element=\u00a0\u00bbp\u00a0\u00bb col_3_text_element=\u00a0\u00bbp\u00a0\u00bb font_family=\u00a0\u00bbp\u00a0\u00bb hover_effect=\u00a0\u00bbnone\u00a0\u00bb border_animation=\u00a0\u00bbtrue\u00a0\u00bb border_color=\u00a0\u00bb#e8e8e8&Prime; icon_family=\u00a0\u00bbnone\u00a0\u00bb icon_size=\u00a0\u00bbsmall\u00a0\u00bb col_1_content=\u00a0\u00bbAT170&Prime; col_2_content=\u00a0\u00bbALPHATEC\u00ae 170 : Grout  de calage \u00e9poxy pour les applications les plus critiques. Il remplace les cales et plaques de r\u00e9glage en acier sous les machines lourdes ou les moteurs de propulsion dans le secteur maritime.\u00a0\u00bb cta_1_text=\u00a0\u00bbEN SAVOIR PLUS\u00a0\u00bb url=\u00a0\u00bbhttps:\/\/alphatec-engineering.com\/products\/high-performance-epoxy-grouts-for-heavy-machinery\/at170-alphatec-170-chock-grout\/\u00a0\u00bb][nectar_horizontal_list_item columns=\u00a0\u00bb3&Prime; column_layout_using_3_columns=\u00a0\u00bblarge_middle\u00a0\u00bb responsive_display=\u00a0\u00bbstacked\u00a0\u00bb col_1_text_align=\u00a0\u00bbleft\u00a0\u00bb col_2_text_align=\u00a0\u00bbleft\u00a0\u00bb col_3_text_align=\u00a0\u00bbright\u00a0\u00bb col_1_text_element=\u00a0\u00bbh4&Prime; col_2_text_element=\u00a0\u00bbp\u00a0\u00bb col_3_text_element=\u00a0\u00bbp\u00a0\u00bb font_family=\u00a0\u00bbp\u00a0\u00bb hover_effect=\u00a0\u00bbnone\u00a0\u00bb border_animation=\u00a0\u00bbtrue\u00a0\u00bb border_color=\u00a0\u00bb#e8e8e8&Prime; icon_family=\u00a0\u00bbnone\u00a0\u00bb icon_size=\u00a0\u00bbsmall\u00a0\u00bb col_1_content=\u00a0\u00bbAT171&Prime; col_2_content=\u00a0\u00bbALPHATEC\u00ae 171 : Formul\u00e9 pour le calage \u00e9poxy haute performance des machines industrielles et marines, ce grout offre une r\u00e9sistance \u00e0 la compression \u00e9lev\u00e9e et est conforme aux normes du secteur maritime.\u00a0\u00bb cta_1_text=\u00a0\u00bbEN SAVOIR PLUS\u00a0\u00bb url=\u00a0\u00bbhttps:\/\/alphatec-engineering.com\/at171-alphatec-171\/\u00a0\u00bb][nectar_horizontal_list_item columns=\u00a0\u00bb3&Prime; column_layout_using_3_columns=\u00a0\u00bblarge_middle\u00a0\u00bb responsive_display=\u00a0\u00bbstacked\u00a0\u00bb col_1_text_align=\u00a0\u00bbleft\u00a0\u00bb col_2_text_align=\u00a0\u00bbleft\u00a0\u00bb col_3_text_align=\u00a0\u00bbright\u00a0\u00bb col_1_text_element=\u00a0\u00bbh4&Prime; col_2_text_element=\u00a0\u00bbp\u00a0\u00bb col_3_text_element=\u00a0\u00bbp\u00a0\u00bb font_family=\u00a0\u00bbp\u00a0\u00bb hover_effect=\u00a0\u00bbnone\u00a0\u00bb border_animation=\u00a0\u00bbtrue\u00a0\u00bb border_color=\u00a0\u00bb#e8e8e8&Prime; icon_family=\u00a0\u00bbnone\u00a0\u00bb icon_size=\u00a0\u00bbsmall\u00a0\u00bb col_1_content=\u00a0\u00bbAT130&Prime; col_2_content=\u00a0\u00bbALPHATEC\u00ae 130 : Con\u00e7u pour les applications industrielles \u00e0 haute temp\u00e9rature, comme les turbines et les \u00e9changeurs de chaleur, il garantit stabilit\u00e9 et durabilit\u00e9 en conditions extr\u00eames.\u00a0\u00bb cta_1_text=\u00a0\u00bbEN SAVOIR PLUS\u00a0\u00bb url=\u00a0\u00bbhttps:\/\/alphatec-engineering.com\/at130-alphatec-130-epoxy-grout-for-high-temperature\/\u00a0\u00bb][\/vc_column][\/vc_row]\n","protected":false},"excerpt":{"rendered":"<p>[vc_row type=\u00a0\u00bbin_container\u00a0\u00bb full_screen_row_position=\u00a0\u00bbmiddle\u00a0\u00bb column_margin=\u00a0\u00bbdefault\u00a0\u00bb column_direction=\u00a0\u00bbdefault\u00a0\u00bb column_direction_tablet=\u00a0\u00bbdefault\u00a0\u00bb column_direction_phone=\u00a0\u00bbdefault\u00a0\u00bb scene_position=\u00a0\u00bbcenter\u00a0\u00bb top_padding=\u00a0\u00bb150px\u00a0\u00bb bottom_padding=\u00a0\u00bb30px\u00a0\u00bb bottom_padding_phone=\u00a0\u00bb0px\u00a0\u00bb text_color=\u00a0\u00bbdark\u00a0\u00bb text_align=\u00a0\u00bbleft\u00a0\u00bb row_border_radius=\u00a0\u00bbnone\u00a0\u00bb row_border_radius_applies=\u00a0\u00bbbg\u00a0\u00bb overflow=\u00a0\u00bbvisible\u00a0\u00bb overlay_strength=\u00a0\u00bb0.3&Prime; gradient_direction=\u00a0\u00bbleft_to_right\u00a0\u00bb shape_divider_position=\u00a0\u00bbbottom\u00a0\u00bb bg_image_animation=\u00a0\u00bbnone\u00a0\u00bb gradient_type=\u00a0\u00bbdefault\u00a0\u00bb shape_type=\u00a0\u00bb\u00a0\u00bb][vc_column column_padding=\u00a0\u00bbno-extra-padding\u00a0\u00bb column_padding_tablet=\u00a0\u00bbinherit\u00a0\u00bb column_padding_phone=\u00a0\u00bbinherit\u00a0\u00bb column_padding_position=\u00a0\u00bball\u00a0\u00bb column_element_direction_desktop=\u00a0\u00bbdefault\u00a0\u00bb column_element_spacing=\u00a0\u00bbdefault\u00a0\u00bb desktop_text_alignment=\u00a0\u00bbdefault\u00a0\u00bb tablet_text_alignment=\u00a0\u00bbdefault\u00a0\u00bb&#8230;<\/p>\n","protected":false},"author":1,"featured_media":0,"parent":5700,"menu_order":96,"comment_status":"closed","ping_status":"closed","template":"","meta":{"footnotes":""},"class_list":["post-5732","page","type-page","status-publish"],"_links":{"self":[{"href":"https:\/\/alphatec-engineering.com\/fr\/wp-json\/wp\/v2\/pages\/5732","targetHints":{"allow":["GET"]}}],"collection":[{"href":"https:\/\/alphatec-engineering.com\/fr\/wp-json\/wp\/v2\/pages"}],"about":[{"href":"https:\/\/alphatec-engineering.com\/fr\/wp-json\/wp\/v2\/types\/page"}],"author":[{"embeddable":true,"href":"https:\/\/alphatec-engineering.com\/fr\/wp-json\/wp\/v2\/users\/1"}],"replies":[{"embeddable":true,"href":"https:\/\/alphatec-engineering.com\/fr\/wp-json\/wp\/v2\/comments?post=5732"}],"version-history":[{"count":0,"href":"https:\/\/alphatec-engineering.com\/fr\/wp-json\/wp\/v2\/pages\/5732\/revisions"}],"up":[{"embeddable":true,"href":"https:\/\/alphatec-engineering.com\/fr\/wp-json\/wp\/v2\/pages\/5700"}],"wp:attachment":[{"href":"https:\/\/alphatec-engineering.com\/fr\/wp-json\/wp\/v2\/media?parent=5732"}],"curies":[{"name":"wp","href":"https:\/\/api.w.org\/{rel}","templated":true}]}}