{"id":5627,"date":"2025-01-30T13:46:49","date_gmt":"2025-01-30T12:46:49","guid":{"rendered":"https:\/\/alphatec-engineering.com\/privacy-policy-2\/"},"modified":"2026-02-12T17:04:38","modified_gmt":"2026-02-12T16:04:38","slug":"politique-de-confidentialite","status":"publish","type":"page","link":"https:\/\/alphatec-engineering.com\/fr\/politique-de-confidentialite\/","title":{"rendered":"Politique de confidentialit\u00e9"},"content":{"rendered":"[vc_row type=\u00a0\u00bbin_container\u00a0\u00bb full_screen_row_position=\u00a0\u00bbmiddle\u00a0\u00bb column_margin=\u00a0\u00bbdefault\u00a0\u00bb column_direction=\u00a0\u00bbdefault\u00a0\u00bb column_direction_tablet=\u00a0\u00bbdefault\u00a0\u00bb column_direction_phone=\u00a0\u00bbdefault\u00a0\u00bb scene_position=\u00a0\u00bbcenter\u00a0\u00bb top_padding=\u00a0\u00bb80px\u00a0\u00bb bottom_padding=\u00a0\u00bb8%\u00a0\u00bb text_color=\u00a0\u00bbdark\u00a0\u00bb text_align=\u00a0\u00bbleft\u00a0\u00bb row_border_radius=\u00a0\u00bbnone\u00a0\u00bb row_border_radius_applies=\u00a0\u00bbbg\u00a0\u00bb overflow=\u00a0\u00bbvisible\u00a0\u00bb overlay_strength=\u00a0\u00bb0.3&Prime; gradient_direction=\u00a0\u00bbleft_to_right\u00a0\u00bb shape_divider_position=\u00a0\u00bbbottom\u00a0\u00bb bg_image_animation=\u00a0\u00bbnone\u00a0\u00bb gradient_type=\u00a0\u00bbdefault\u00a0\u00bb shape_type=\u00a0\u00bb\u00a0\u00bb][vc_column column_padding=\u00a0\u00bbno-extra-padding\u00a0\u00bb column_padding_tablet=\u00a0\u00bbinherit\u00a0\u00bb column_padding_phone=\u00a0\u00bbinherit\u00a0\u00bb column_padding_position=\u00a0\u00bball\u00a0\u00bb column_element_direction_desktop=\u00a0\u00bbdefault\u00a0\u00bb column_element_spacing=\u00a0\u00bbdefault\u00a0\u00bb desktop_text_alignment=\u00a0\u00bbdefault\u00a0\u00bb tablet_text_alignment=\u00a0\u00bbdefault\u00a0\u00bb phone_text_alignment=\u00a0\u00bbdefault\u00a0\u00bb background_color_opacity=\u00a0\u00bb1&Prime; background_hover_color_opacity=\u00a0\u00bb1&Prime; column_backdrop_filter=\u00a0\u00bbnone\u00a0\u00bb column_shadow=\u00a0\u00bbnone\u00a0\u00bb column_border_radius=\u00a0\u00bbnone\u00a0\u00bb column_link_target=\u00a0\u00bb_self\u00a0\u00bb column_position=\u00a0\u00bbdefault\u00a0\u00bb gradient_direction=\u00a0\u00bbleft_to_right\u00a0\u00bb overlay_strength=\u00a0\u00bb0.3&Prime; width=\u00a0\u00bb2\/3&Prime; tablet_width_inherit=\u00a0\u00bbdefault\u00a0\u00bb animation_type=\u00a0\u00bbdefault\u00a0\u00bb bg_image_animation=\u00a0\u00bbnone\u00a0\u00bb border_type=\u00a0\u00bbsimple\u00a0\u00bb column_border_width=\u00a0\u00bbnone\u00a0\u00bb column_border_style=\u00a0\u00bbsolid\u00a0\u00bb][split_line_heading animation_type=\u00a0\u00bbline-reveal-by-space\u00a0\u00bb font_style=\u00a0\u00bbh3&Prime; text_color=\u00a0\u00bb#000000&Prime; line_reveal_by_space_text_effect=\u00a0\u00bbdefault\u00a0\u00bb content_alignment=\u00a0\u00bbdefault\u00a0\u00bb mobile_content_alignment=\u00a0\u00bbinherit\u00a0\u00bb link_target=\u00a0\u00bb_self\u00a0\u00bb text_content=\u00a0\u00bbPolitique de confidentialit\u00e9 et de gestion des cookies\u00a0\u00bb text_direction=\u00a0\u00bbdefault\u00a0\u00bb][\/split_line_heading][divider line_type=\u00a0\u00bbNo Line\u00a0\u00bb][vc_column_text]<strong>La protection de vos donn\u00e9es personnelles est importante pour nous.<\/strong><br \/>\nCe site internet prot\u00e8ge votre vie priv\u00e9e en se conformant au r\u00e8glement g\u00e9n\u00e9ral sur la protection des donn\u00e9es (RGPD) de l&rsquo;Union europ\u00e9enne. Nous n&rsquo;utiliserons vos donn\u00e9es \u00e0 aucune fin \u00e0 laquelle vous n&rsquo;auriez pas consenti.<br \/>Cette politique d\u00e9crit nos pratiques concernant :<br \/>1. Les informations personnelles que nous collectons sur notre site internet.<br \/>\n2. La mani\u00e8re dont nous utilisons ces informations en interne.<br \/>\n3. Notre politique de partage de vos informations personnelles avec des tiers. <\/p>\n<p><strong>Responsable du traitement des donn\u00e9es<\/strong><br \/>\nAlphatec Engineering S.L. CIF : B97438261 Adresse : C\/Oeste 11, CP 46130, Massamagrell, Valence, Espagne E-mail : <a href=\"mailto:info@alphatec-engineering.com\">info@alphatec-engineering.com<\/a><\/p>\n<p><strong>Politique en mati\u00e8re de cookies<\/strong><br \/>\nCe site internet utilise Google Analytics, un service d&rsquo;analyse web fourni par Google, Inc. (\u00ab Google \u00bb). Google Analytics utilise des cookies. <\/p>\n<p><strong>Qu&rsquo;est-ce qu&rsquo;un cookie ?<\/strong><br \/>\nLes cookies sont de petits fichiers texte stock\u00e9s sur votre ordinateur ou votre appareil mobile. Ils sont couramment utilis\u00e9s pour faire fonctionner les sites internet ou pour am\u00e9liorer leur efficacit\u00e9. Ils permettent en effet aux sites de lire et d&rsquo;\u00e9crire ces fichiers, les autorisant ainsi \u00e0 vous reconna\u00eetre et \u00e0 vous offrir une meilleure exp\u00e9rience utilisateur.  <\/p>\n<p><strong>Quelles informations collectons-nous ?<\/strong><br \/>\nLes donn\u00e9es personnelles que nous sommes susceptibles de collecter incluent :<br \/>\n\u25cf Votre nom<br \/>\n\u25cf Votre adresse e-mail<br \/>\n\u25cf Votre num\u00e9ro de t\u00e9l\u00e9phone<br \/>\n\u25cf Les commentaires et demandes que vous soumettez<br \/>\n\u25cf Les documents que vous t\u00e9l\u00e9chargez<br \/>\nNous pouvons utiliser vos donn\u00e9es personnelles pour vous contacter par le biais de newsletters, de communications marketing ou promotionnelles, ou pour toute autre information susceptible de vous int\u00e9resser. Vous pouvez vous d\u00e9sinscrire de tout ou partie de ces communications en suivant le lien de d\u00e9sabonnement pr\u00e9sent dans les e-mails que nous envoyons ou en nous contactant directement. <\/p>\n<p><strong>Refuser l&rsquo;utilisation des cookies et modifier les param\u00e8tres<\/strong><br \/>\nVous pouvez refuser l&rsquo;utilisation des cookies en s\u00e9lectionnant les param\u00e8tres appropri\u00e9s dans les options avanc\u00e9es ou personnalis\u00e9es de confidentialit\u00e9 et de s\u00e9curit\u00e9 de votre navigateur.<br \/>\nRemarque : Si vous d\u00e9sactivez les cookies, il est possible que vous ne puissiez pas utiliser toutes les fonctionnalit\u00e9s de ce site internet.<\/p>\n<p><strong>Politique de protection des donn\u00e9es<\/strong><br \/>\nPar la pr\u00e9sente d\u00e9claration de protection des donn\u00e9es, nous souhaitons vous informer de la nature, de l&rsquo;\u00e9tendue et de la finalit\u00e9 du traitement des donn\u00e9es personnelles lorsque vous visitez notre site internet, ainsi que de vos droits \u00e0 cet \u00e9gard.<\/p>\n<p><strong>Comment nous utilisons les informations collect\u00e9es<\/strong><br \/>\nToutes les donn\u00e9es personnelles que vous nous fournissez seront trait\u00e9es avec le plus grand soin et la plus grande s\u00e9curit\u00e9.<br \/>\nLes donn\u00e9es personnelles que nous collectons sont utilis\u00e9es pour :<br \/>\n\u25cf Vous fournir le service que vous avez demand\u00e9.<br \/>\n\u25cf R\u00e9pondre \u00e0 toute demande d&rsquo;information de votre part.<br \/>\n\u25cf Vous envoyer des newsletters, des supports marketing ou des informations promotionnelles (uniquement si vous y avez consenti).<\/p>\n<p>Si vous ne souhaitez plus recevoir de telles communications, vous pouvez vous d\u00e9sabonner en cliquant sur le lien de d\u00e9sinscription inclus dans nos e-mails ou en nous contactant directement.<\/p>\n<p>Partage de vos informations personnelles<br \/>\nSauf autorisation explicite de votre part, nous ne partageons, ne vendons ni ne transf\u00e9rons les informations personnelles des utilisateurs, sauf dans les cas suivants :<br \/>\u25cf Fournisseurs de services : Entreprises qui fournissent des services tels que l&rsquo;h\u00e9bergement web, l&rsquo;analyse de donn\u00e9es ou la distribution d&rsquo;e-mails, avec lesquelles nous avons sign\u00e9 des accords de confidentialit\u00e9.<br \/>\n\u25cf Conformit\u00e9 l\u00e9gale : Si une autorit\u00e9 judiciaire l&rsquo;exige en vertu de la loi. Si nous transf\u00e9rons des donn\u00e9es en dehors de l&rsquo;Espace \u00e9conomique europ\u00e9en (EEE), nous nous assurons que ce transfert s&rsquo;effectue dans le cadre de clauses contractuelles types approuv\u00e9es par la Commission europ\u00e9enne ou par le biais d&rsquo;autres m\u00e9canismes de protection des donn\u00e9es appropri\u00e9s. <\/p>\n<p><strong>Coordonn\u00e9es du d\u00e9l\u00e9gu\u00e9 \u00e0 la protection des donn\u00e9es (DPD)<\/strong><br \/>\nAlphatec Engineering S.L. a d\u00e9sign\u00e9 un d\u00e9l\u00e9gu\u00e9 \u00e0 la protection des donn\u00e9es (DPD) pour superviser la conformit\u00e9 avec les lois sur la protection des donn\u00e9es et pour traiter toute question ou pr\u00e9occupation concernant vos donn\u00e9es personnelles.<\/p>\n<p>E-mail du DPD : <a href=\"mailto:info@alphatec-engineering.com\">info@alphate-cengineering.com<\/a><\/p>\n<p>Notre DPD est charg\u00e9 de veiller \u00e0 ce que vos donn\u00e9es personnelles soient trait\u00e9es conform\u00e9ment aux lois applicables en mati\u00e8re de protection des donn\u00e9es, y compris le RGPD. Pour toute question concernant cette politique de confidentialit\u00e9 ou la mani\u00e8re dont nous traitons vos donn\u00e9es personnelles, n&rsquo;h\u00e9sitez pas \u00e0 contacter notre DPD en utilisant les coordonn\u00e9es indiqu\u00e9es ci-dessus. <\/p>\n<p>Ce document a \u00e9t\u00e9 mis \u00e0 jour conform\u00e9ment \u00e0 la r\u00e9glementation en vigueur. Nous vous recommandons de le consulter p\u00e9riodiquement pour rester inform\u00e9 de nos politiques de confidentialit\u00e9 et de gestion des cookies. <\/p>\n<p>Alphatec Engineering S.L.<br \/>\nAdresse : C\/Oeste 11, CP 46130, Massamagrell, Valence, Espagne<br \/>\nE-mail : <a href=\"mailto:info@alphatec-engineering.com\">info@alphatec-engineering.com<\/a><br \/>\nCIF : B97438261[\/vc_column_text][\/vc_column][vc_column column_padding=\u00a0\u00bbno-extra-padding\u00a0\u00bb column_padding_tablet=\u00a0\u00bbinherit\u00a0\u00bb column_padding_phone=\u00a0\u00bbinherit\u00a0\u00bb column_padding_position=\u00a0\u00bball\u00a0\u00bb column_element_direction_desktop=\u00a0\u00bbdefault\u00a0\u00bb column_element_spacing=\u00a0\u00bbdefault\u00a0\u00bb desktop_text_alignment=\u00a0\u00bbdefault\u00a0\u00bb tablet_text_alignment=\u00a0\u00bbdefault\u00a0\u00bb phone_text_alignment=\u00a0\u00bbdefault\u00a0\u00bb background_color_opacity=\u00a0\u00bb1&Prime; background_hover_color_opacity=\u00a0\u00bb1&Prime; column_backdrop_filter=\u00a0\u00bbnone\u00a0\u00bb column_shadow=\u00a0\u00bbnone\u00a0\u00bb column_border_radius=\u00a0\u00bbnone\u00a0\u00bb column_link_target=\u00a0\u00bb_self\u00a0\u00bb column_position=\u00a0\u00bbdefault\u00a0\u00bb gradient_direction=\u00a0\u00bbleft_to_right\u00a0\u00bb overlay_strength=\u00a0\u00bb0.3&Prime; width=\u00a0\u00bb1\/3&Prime; tablet_width_inherit=\u00a0\u00bbdefault\u00a0\u00bb animation_type=\u00a0\u00bbdefault\u00a0\u00bb bg_image_animation=\u00a0\u00bbnone\u00a0\u00bb border_type=\u00a0\u00bbsimple\u00a0\u00bb column_border_width=\u00a0\u00bbnone\u00a0\u00bb column_border_style=\u00a0\u00bbsolid\u00a0\u00bb][\/vc_column][\/vc_row]\n","protected":false},"excerpt":{"rendered":"<p>[vc_row type=\u00a0\u00bbin_container\u00a0\u00bb full_screen_row_position=\u00a0\u00bbmiddle\u00a0\u00bb column_margin=\u00a0\u00bbdefault\u00a0\u00bb column_direction=\u00a0\u00bbdefault\u00a0\u00bb column_direction_tablet=\u00a0\u00bbdefault\u00a0\u00bb column_direction_phone=\u00a0\u00bbdefault\u00a0\u00bb scene_position=\u00a0\u00bbcenter\u00a0\u00bb top_padding=\u00a0\u00bb80px\u00a0\u00bb bottom_padding=\u00a0\u00bb8%\u00a0\u00bb text_color=\u00a0\u00bbdark\u00a0\u00bb text_align=\u00a0\u00bbleft\u00a0\u00bb row_border_radius=\u00a0\u00bbnone\u00a0\u00bb row_border_radius_applies=\u00a0\u00bbbg\u00a0\u00bb overflow=\u00a0\u00bbvisible\u00a0\u00bb overlay_strength=\u00a0\u00bb0.3&Prime; gradient_direction=\u00a0\u00bbleft_to_right\u00a0\u00bb shape_divider_position=\u00a0\u00bbbottom\u00a0\u00bb bg_image_animation=\u00a0\u00bbnone\u00a0\u00bb gradient_type=\u00a0\u00bbdefault\u00a0\u00bb shape_type=\u00a0\u00bb\u00a0\u00bb][vc_column column_padding=\u00a0\u00bbno-extra-padding\u00a0\u00bb column_padding_tablet=\u00a0\u00bbinherit\u00a0\u00bb column_padding_phone=\u00a0\u00bbinherit\u00a0\u00bb column_padding_position=\u00a0\u00bball\u00a0\u00bb column_element_direction_desktop=\u00a0\u00bbdefault\u00a0\u00bb column_element_spacing=\u00a0\u00bbdefault\u00a0\u00bb desktop_text_alignment=\u00a0\u00bbdefault\u00a0\u00bb tablet_text_alignment=\u00a0\u00bbdefault\u00a0\u00bb phone_text_alignment=\u00a0\u00bbdefault\u00a0\u00bb&#8230;<\/p>\n","protected":false},"author":1,"featured_media":0,"parent":0,"menu_order":66,"comment_status":"closed","ping_status":"open","template":"","meta":{"footnotes":""},"class_list":["post-5627","page","type-page","status-publish"],"_links":{"self":[{"href":"https:\/\/alphatec-engineering.com\/fr\/wp-json\/wp\/v2\/pages\/5627","targetHints":{"allow":["GET"]}}],"collection":[{"href":"https:\/\/alphatec-engineering.com\/fr\/wp-json\/wp\/v2\/pages"}],"about":[{"href":"https:\/\/alphatec-engineering.com\/fr\/wp-json\/wp\/v2\/types\/page"}],"author":[{"embeddable":true,"href":"https:\/\/alphatec-engineering.com\/fr\/wp-json\/wp\/v2\/users\/1"}],"replies":[{"embeddable":true,"href":"https:\/\/alphatec-engineering.com\/fr\/wp-json\/wp\/v2\/comments?post=5627"}],"version-history":[{"count":0,"href":"https:\/\/alphatec-engineering.com\/fr\/wp-json\/wp\/v2\/pages\/5627\/revisions"}],"wp:attachment":[{"href":"https:\/\/alphatec-engineering.com\/fr\/wp-json\/wp\/v2\/media?parent=5627"}],"curies":[{"name":"wp","href":"https:\/\/api.w.org\/{rel}","templated":true}]}}