{"id":5932,"date":"2025-01-30T13:46:49","date_gmt":"2025-01-30T12:46:49","guid":{"rendered":"https:\/\/alphatec-engineering.com\/politica-de-privacidad\/"},"modified":"2026-02-16T12:32:33","modified_gmt":"2026-02-16T11:32:33","slug":"politica-de-privacidad","status":"publish","type":"page","link":"https:\/\/alphatec-engineering.com\/es\/politica-de-privacidad\/","title":{"rendered":"Pol\u00edtica de privacidad"},"content":{"rendered":"[vc_row type=\u00bbin_container\u00bb full_screen_row_position=\u00bbmiddle\u00bb column_margin=\u00bbdefault\u00bb column_direction=\u00bbdefault\u00bb column_direction_tablet=\u00bbdefault\u00bb column_direction_phone=\u00bbdefault\u00bb scene_position=\u00bbcenter\u00bb top_padding=\u00bb80px\u00bb bottom_padding=\u00bb8%\u00bb text_color=\u00bbdark\u00bb text_align=\u00bbleft\u00bb row_border_radius=\u00bbnone\u00bb row_border_radius_applies=\u00bbbg\u00bb overflow=\u00bbvisible\u00bb overlay_strength=\u00bb0.3&#8243; gradient_direction=\u00bbleft_to_right\u00bb shape_divider_position=\u00bbbottom\u00bb bg_image_animation=\u00bbnone\u00bb gradient_type=\u00bbdefault\u00bb shape_type=\u00bb\u00bb][vc_column column_padding=\u00bbno-extra-padding\u00bb column_padding_tablet=\u00bbinherit\u00bb column_padding_phone=\u00bbinherit\u00bb column_padding_position=\u00bball\u00bb column_element_direction_desktop=\u00bbdefault\u00bb column_element_spacing=\u00bbdefault\u00bb desktop_text_alignment=\u00bbdefault\u00bb tablet_text_alignment=\u00bbdefault\u00bb phone_text_alignment=\u00bbdefault\u00bb background_color_opacity=\u00bb1&#8243; background_hover_color_opacity=\u00bb1&#8243; column_backdrop_filter=\u00bbnone\u00bb column_shadow=\u00bbnone\u00bb column_border_radius=\u00bbnone\u00bb column_link_target=\u00bb_self\u00bb column_position=\u00bbdefault\u00bb gradient_direction=\u00bbleft_to_right\u00bb overlay_strength=\u00bb0.3&#8243; width=\u00bb2\/3&#8243; tablet_width_inherit=\u00bbdefault\u00bb animation_type=\u00bbdefault\u00bb bg_image_animation=\u00bbnone\u00bb border_type=\u00bbsimple\u00bb column_border_width=\u00bbnone\u00bb column_border_style=\u00bbsolid\u00bb][split_line_heading animation_type=\u00bbline-reveal-by-space\u00bb font_style=\u00bbh3&#8243; text_color=\u00bb#000000&#8243; line_reveal_by_space_text_effect=\u00bbdefault\u00bb content_alignment=\u00bbdefault\u00bb mobile_content_alignment=\u00bbinherit\u00bb link_target=\u00bb_self\u00bb text_content=\u00bbPol\u00edtica de privacidad y cookies\u00bb text_direction=\u00bbdefault\u00bb][\/split_line_heading][divider line_type=\u00bbNo Line\u00bb][vc_column_text]<strong>\u00a1Su privacidad es importante para nosotros!<\/strong><br \/>\nEste sitio web protege su privacidad al cumplir con el Reglamento General de Protecci\u00f3n de Datos (RGPD) de la Uni\u00f3n Europea. No utilizaremos sus datos para ning\u00fan fin que usted no haya consentido.<br \/>\nEsta pol\u00edtica describe nuestras pr\u00e1cticas con respecto a:<br \/>\n1. La informaci\u00f3n personal que recopilamos en nuestro sitio web.<br \/>\n2. C\u00f3mo utilizamos la informaci\u00f3n personal internamente.<br \/>\n3. Nuestra pol\u00edtica sobre el intercambio de su informaci\u00f3n personal con terceros. <\/p>\n<p>Responsable del tratamiento de datos<br \/>\nAlphatec Engineering S.L. CIF: B97438261 Direcci\u00f3n: C\/Oeste 11, CP 46130, Massamagrell, Valencia, Espa\u00f1a Correo electr\u00f3nico: <a href=\"mailto:info@alphatec-engineering.com\">info@alphatec-engineering.com<\/a><\/p>\n<p><strong>Pol\u00edtica de cookies<\/strong><br \/>\nEste sitio web utiliza Google Analytics, un servicio de an\u00e1lisis web proporcionado por Google, Inc. (\u00abGoogle\u00bb). Google Analytics utiliza cookies. <\/p>\n<p><strong>\u00bfQu\u00e9 es una cookie?<\/strong><br \/>\nLas cookies son peque\u00f1os archivos de texto que se almacenan en su ordenador o dispositivo m\u00f3vil. Se utilizan habitualmente para que los sitios web funcionen de manera m\u00e1s eficiente. Esto es posible porque los sitios web pueden leer y escribir estos archivos, lo que les permite reconocerle y ayudarle a proporcionar una mejor experiencia de usuario.  <\/p>\n<p><strong>\u00bfQu\u00e9 informaci\u00f3n recopilamos?<\/strong><br \/>\nLos datos personales que podemos recopilar incluyen:<br \/>\n\u25cf Nombre<br \/>\n\u25cf Direcci\u00f3n de correo electr\u00f3nico<br \/>\n\u25cf N\u00famero de tel\u00e9fono<br \/>\n\u25cf Comentarios y consultas enviados<br \/>\n\u25cf Documentos descargados<br \/>\nPodemos utilizar sus datos personales para enviarle boletines informativos, materiales de marketing o promocionales y otra informaci\u00f3n que pueda ser de su inter\u00e9s. Puede optar por no recibir ninguna o todas estas comunicaciones siguiendo el enlace para darse de baja que aparece en los correos electr\u00f3nicos que le enviamos o poni\u00e9ndose en contacto con nosotros. <\/p>\n<p><strong>Rechazar el uso de cookies y cambiar la configuraci\u00f3n<\/strong><br \/>\nPuede rechazar el uso de cookies seleccionando la configuraci\u00f3n adecuada en las opciones avanzadas o personalizadas de privacidad y seguridad de su navegador.<br \/>\nNota: Si desactiva las cookies, es posible que no pueda utilizar todas las funciones de este sitio web.<\/p>\n<p><strong>Pol\u00edtica de privacidad<\/strong><br \/>\nEn esta declaraci\u00f3n de protecci\u00f3n de datos, nos gustar\u00eda informarle sobre la naturaleza, el alcance y<br \/>\nla finalidad del tratamiento de datos personales cuando visita nuestro sitio web, as\u00ed como sobre sus derechos<br \/>\nal respecto.<\/p>\n<p><strong>C\u00f3mo utilizamos la informaci\u00f3n recopilada<\/strong><br \/>\nCualquier dato personal que nos proporcione ser\u00e1 tratado con el m\u00e1ximo cuidado y seguridad.<br \/>\nLos datos personales que recopilamos se utilizan para:<br \/>\n\u25cf Proporcionarle el servicio que ha solicitado.<br \/>\n\u25cf Responder a cualquier consulta que haya realizado.<br \/>\n\u25cf Enviarle boletines informativos, materiales de marketing o informaci\u00f3n promocional (solo si ha dado su consentimiento).<\/p>\n<p>Si no desea recibir este tipo de comunicaciones, puede darse de baja haciendo clic en el enlace para cancelar la suscripci\u00f3n que se incluye en nuestros correos electr\u00f3nicos o poni\u00e9ndose en contacto con nosotros directamente.<\/p>\n<p><strong>Compartir su informaci\u00f3n personal<\/strong><br \/>\nA menos que se nos conceda permiso expl\u00edcito para hacerlo, no compartimos, vendemos ni transferimos la informaci\u00f3n personal de los usuarios, salvo en los siguientes casos:<br \/>\n\u25cf Proveedores de servicios: empresas que prestan servicios como alojamiento web, an\u00e1lisis de datos o distribuci\u00f3n de correo electr\u00f3nico, con las que hemos firmado acuerdos de confidencialidad.<br \/>\n\u25cf Cumplimiento legal: si una autoridad legal lo exige por ley. Si transferimos datos fuera del Espacio Econ\u00f3mico Europeo (EEE), nos aseguramos de que dicha transferencia se realice bajo cl\u00e1usulas contractuales tipo aprobadas por la Comisi\u00f3n Europea o mediante otros mecanismos adecuados de protecci\u00f3n de datos. <\/p>\n<p><strong>Informaci\u00f3n de contacto del responsable de protecci\u00f3n de datos (DPO)<\/strong><br \/>\nAlphatec Engineering S.L. ha nombrado a un delegado de protecci\u00f3n de datos (DPO) para supervisar el cumplimiento de las leyes de protecci\u00f3n de datos y gestionar cualquier consulta o duda relacionada con sus datos personales.<\/p>\n<p>Correo electr\u00f3nico del DPO: <a href=\"mailto:info@alphatec-engineering.com\">info@alphatec-engineering.com<\/a><\/p>\n<p>Nuestro delegado de protecci\u00f3n de datos es responsable de garantizar que sus datos personales se traten de conformidad con las leyes de protecci\u00f3n de datos aplicables, incluido el RGPD. Si tiene alguna pregunta sobre esta pol\u00edtica de privacidad o sobre c\u00f3mo tratamos sus datos personales, no dude en ponerse en contacto con nuestro DPO utilizando la informaci\u00f3n de contacto facilitada anteriormente. <\/p>\n<p>Este documento ha sido actualizado de acuerdo con la normativa vigente. Le recomendamos que lo revise peri\u00f3dicamente para mantenerse informado sobre nuestras pol\u00edticas de privacidad y cookies. <\/p>\n<p>Alphatec Engineering S.L.<br \/>\nDirecci\u00f3n: C\/Oeste 11, CP 46130, Massamagrell, Valencia, Espa\u00f1a<br \/>\nCorreo electr\u00f3nico: <a href=\"mailto:info@alphatec-engineering.com\">info@alphatec-engineering.com<\/a><br \/>\nCIF: B97438261[\/vc_column_text][\/vc_column][vc_column column_padding=\u00bbno-extra-padding\u00bb column_padding_tablet=\u00bbinherit\u00bb column_padding_phone=\u00bbinherit\u00bb column_padding_position=\u00bball\u00bb column_element_direction_desktop=\u00bbdefault\u00bb column_element_spacing=\u00bbdefault\u00bb desktop_text_alignment=\u00bbdefault\u00bb tablet_text_alignment=\u00bbdefault\u00bb phone_text_alignment=\u00bbdefault\u00bb background_color_opacity=\u00bb1&#8243; background_hover_color_opacity=\u00bb1&#8243; column_backdrop_filter=\u00bbnone\u00bb column_shadow=\u00bbnone\u00bb column_border_radius=\u00bbnone\u00bb column_link_target=\u00bb_self\u00bb column_position=\u00bbdefault\u00bb gradient_direction=\u00bbleft_to_right\u00bb overlay_strength=\u00bb0.3&#8243; width=\u00bb1\/3&#8243; tablet_width_inherit=\u00bbdefault\u00bb animation_type=\u00bbdefault\u00bb bg_image_animation=\u00bbnone\u00bb border_type=\u00bbsimple\u00bb column_border_width=\u00bbnone\u00bb column_border_style=\u00bbsolid\u00bb][\/vc_column][\/vc_row]\n","protected":false},"excerpt":{"rendered":"<p>[vc_row type=\u00bbin_container\u00bb full_screen_row_position=\u00bbmiddle\u00bb column_margin=\u00bbdefault\u00bb column_direction=\u00bbdefault\u00bb column_direction_tablet=\u00bbdefault\u00bb column_direction_phone=\u00bbdefault\u00bb scene_position=\u00bbcenter\u00bb top_padding=\u00bb80px\u00bb bottom_padding=\u00bb8%\u00bb text_color=\u00bbdark\u00bb text_align=\u00bbleft\u00bb row_border_radius=\u00bbnone\u00bb row_border_radius_applies=\u00bbbg\u00bb overflow=\u00bbvisible\u00bb overlay_strength=\u00bb0.3&#8243; gradient_direction=\u00bbleft_to_right\u00bb shape_divider_position=\u00bbbottom\u00bb bg_image_animation=\u00bbnone\u00bb gradient_type=\u00bbdefault\u00bb shape_type=\u00bb\u00bb][vc_column column_padding=\u00bbno-extra-padding\u00bb column_padding_tablet=\u00bbinherit\u00bb column_padding_phone=\u00bbinherit\u00bb column_padding_position=\u00bball\u00bb column_element_direction_desktop=\u00bbdefault\u00bb column_element_spacing=\u00bbdefault\u00bb desktop_text_alignment=\u00bbdefault\u00bb tablet_text_alignment=\u00bbdefault\u00bb phone_text_alignment=\u00bbdefault\u00bb&#8230;<\/p>\n","protected":false},"author":1,"featured_media":0,"parent":0,"menu_order":65,"comment_status":"closed","ping_status":"open","template":"","meta":{"footnotes":""},"class_list":["post-5932","page","type-page","status-publish"],"_links":{"self":[{"href":"https:\/\/alphatec-engineering.com\/es\/wp-json\/wp\/v2\/pages\/5932","targetHints":{"allow":["GET"]}}],"collection":[{"href":"https:\/\/alphatec-engineering.com\/es\/wp-json\/wp\/v2\/pages"}],"about":[{"href":"https:\/\/alphatec-engineering.com\/es\/wp-json\/wp\/v2\/types\/page"}],"author":[{"embeddable":true,"href":"https:\/\/alphatec-engineering.com\/es\/wp-json\/wp\/v2\/users\/1"}],"replies":[{"embeddable":true,"href":"https:\/\/alphatec-engineering.com\/es\/wp-json\/wp\/v2\/comments?post=5932"}],"version-history":[{"count":0,"href":"https:\/\/alphatec-engineering.com\/es\/wp-json\/wp\/v2\/pages\/5932\/revisions"}],"wp:attachment":[{"href":"https:\/\/alphatec-engineering.com\/es\/wp-json\/wp\/v2\/media?parent=5932"}],"curies":[{"name":"wp","href":"https:\/\/api.w.org\/{rel}","templated":true}]}}