{"id":5546,"date":"2025-02-10T16:33:30","date_gmt":"2025-02-10T15:33:30","guid":{"rendered":"https:\/\/alphatec-engineering.com\/soluciones-para-inyeccion-y-reparacion-de-hormigon\/"},"modified":"2026-02-16T12:35:49","modified_gmt":"2026-02-16T11:35:49","slug":"soluciones-para-inyeccion-y-reparacion-de-hormigon","status":"publish","type":"page","link":"https:\/\/alphatec-engineering.com\/es\/productos\/soluciones-para-inyeccion-y-reparacion-de-hormigon\/","title":{"rendered":"Soluciones de inyecci\u00f3n y reparaci\u00f3n de hormig\u00f3n"},"content":{"rendered":"[vc_row type=\u00bbin_container\u00bb full_screen_row_position=\u00bbmiddle\u00bb column_margin=\u00bbdefault\u00bb column_direction=\u00bbdefault\u00bb column_direction_tablet=\u00bbdefault\u00bb column_direction_phone=\u00bbdefault\u00bb scene_position=\u00bbcenter\u00bb top_padding=\u00bb150px\u00bb bottom_padding=\u00bb30px\u00bb bottom_padding_phone=\u00bb0px\u00bb text_color=\u00bbdark\u00bb text_align=\u00bbleft\u00bb row_border_radius=\u00bbnone\u00bb row_border_radius_applies=\u00bbbg\u00bb overflow=\u00bbvisible\u00bb overlay_strength=\u00bb0.3&#8243; gradient_direction=\u00bbleft_to_right\u00bb shape_divider_position=\u00bbbottom\u00bb bg_image_animation=\u00bbnone\u00bb gradient_type=\u00bbdefault\u00bb shape_type=\u00bb\u00bb][vc_column column_padding=\u00bbno-extra-padding\u00bb column_padding_tablet=\u00bbinherit\u00bb column_padding_phone=\u00bbinherit\u00bb column_padding_position=\u00bball\u00bb column_element_direction_desktop=\u00bbdefault\u00bb column_element_spacing=\u00bbdefault\u00bb desktop_text_alignment=\u00bbdefault\u00bb tablet_text_alignment=\u00bbdefault\u00bb phone_text_alignment=\u00bbdefault\u00bb background_color_opacity=\u00bb1&#8243; background_hover_color_opacity=\u00bb1&#8243; column_backdrop_filter=\u00bbnone\u00bb font_color=\u00bb#4d6dd9&#8243; column_shadow=\u00bbnone\u00bb column_border_radius=\u00bbnone\u00bb column_link_target=\u00bb_self\u00bb column_position=\u00bbdefault\u00bb gradient_direction=\u00bbleft_to_right\u00bb overlay_strength=\u00bb0.3&#8243; width=\u00bb1\/1&#8243; tablet_width_inherit=\u00bbdefault\u00bb animation_type=\u00bbdefault\u00bb bg_image_animation=\u00bbnone\u00bb border_type=\u00bbsimple\u00bb column_border_width=\u00bbnone\u00bb column_border_style=\u00bbsolid\u00bb column_padding_type=\u00bbdefault\u00bb gradient_type=\u00bbdefault\u00bb][split_line_heading animation_type=\u00bbline-reveal-by-space\u00bb font_style=\u00bbh1&#8243; text_color=\u00bb#333333&#8243; font_size_max=\u00bb70px\u00bb line_reveal_by_space_text_effect=\u00bbletter-reveal-bottom\u00bb stagger_animation=\u00bbtrue\u00bb content_alignment=\u00bbdefault\u00bb mobile_content_alignment=\u00bbinherit\u00bb link_target=\u00bb_self\u00bb text_content=\u00bbSoluciones de inyecci\u00f3n y reparaci\u00f3n de hormig\u00f3n\u00bb text_direction=\u00bbdefault\u00bb font_size=\u00bb70px\u00bb font_size_phone=\u00bb40px\u00bb font_line_height=\u00bb1.3&#8243;][\/split_line_heading][\/vc_column][\/vc_row][vc_row type=\u00bbin_container\u00bb full_screen_row_position=\u00bbmiddle\u00bb column_margin=\u00bbdefault\u00bb column_direction=\u00bbdefault\u00bb column_direction_tablet=\u00bbdefault\u00bb column_direction_phone=\u00bbdefault\u00bb bg_image=\u00bb4879&#8243; bg_position=\u00bbcenter center\u00bb background_image_loading=\u00bbdefault\u00bb bg_repeat=\u00bbno-repeat\u00bb scene_position=\u00bbcenter\u00bb bottom_margin=\u00bb40px\u00bb text_color=\u00bblight\u00bb text_align=\u00bbleft\u00bb row_border_radius=\u00bbnone\u00bb row_border_radius_applies=\u00bbbg\u00bb overflow=\u00bbvisible\u00bb overlay_strength=\u00bb0.3&#8243; gradient_direction=\u00bbleft_to_right\u00bb shape_divider_position=\u00bbbottom\u00bb bg_image_animation=\u00bbnone\u00bb gradient_type=\u00bbdefault\u00bb shape_type=\u00bb\u00bb][vc_column top_padding_desktop=\u00bb200px\u00bb bottom_padding_desktop=\u00bb200px\u00bb left_padding_desktop=\u00bb3%\u00bb constrain_group_101=\u00bbyes\u00bb right_padding_desktop=\u00bb3%\u00bb bottom_padding_phone=\u00bb200px\u00bb column_element_direction_desktop=\u00bbdefault\u00bb column_element_spacing=\u00bbdefault\u00bb desktop_text_alignment=\u00bbdefault\u00bb tablet_text_alignment=\u00bbdefault\u00bb phone_text_alignment=\u00bbdefault\u00bb background_color_opacity=\u00bb1&#8243; background_hover_color_opacity=\u00bb1&#8243; column_backdrop_filter=\u00bbnone\u00bb column_shadow=\u00bbnone\u00bb column_border_radius=\u00bbnone\u00bb column_link_target=\u00bb_self\u00bb column_position=\u00bbdefault\u00bb gradient_direction=\u00bbleft_to_right\u00bb overlay_strength=\u00bb0.3&#8243; width=\u00bb1\/1&#8243; tablet_width_inherit=\u00bbdefault\u00bb animation_type=\u00bbdefault\u00bb enable_animation=\u00bbtrue\u00bb animation=\u00bbfade-in-from-bottom\u00bb animation_easing=\u00bbdefault\u00bb bg_image_animation=\u00bbnone\u00bb border_type=\u00bbsimple\u00bb column_border_width=\u00bbnone\u00bb column_border_style=\u00bbsolid\u00bb column_padding_type=\u00bbadvanced\u00bb gradient_type=\u00bbdefault\u00bb][\/vc_column][\/vc_row][vc_row type=\u00bbin_container\u00bb full_screen_row_position=\u00bbmiddle\u00bb column_margin=\u00bbdefault\u00bb column_direction=\u00bbdefault\u00bb column_direction_tablet=\u00bbdefault\u00bb column_direction_phone=\u00bbdefault\u00bb scene_position=\u00bbcenter\u00bb bottom_padding=\u00bb150px\u00bb text_color=\u00bbdark\u00bb text_align=\u00bbleft\u00bb row_border_radius=\u00bbnone\u00bb row_border_radius_applies=\u00bbbg\u00bb overflow=\u00bbvisible\u00bb overlay_strength=\u00bb0.3&#8243; gradient_direction=\u00bbleft_to_right\u00bb shape_divider_position=\u00bbbottom\u00bb bg_image_animation=\u00bbnone\u00bb gradient_type=\u00bbdefault\u00bb shape_type=\u00bb\u00bb][vc_column column_padding=\u00bbno-extra-padding\u00bb column_padding_tablet=\u00bbinherit\u00bb column_padding_phone=\u00bbinherit\u00bb column_padding_position=\u00bball\u00bb column_element_direction_desktop=\u00bbdefault\u00bb column_element_spacing=\u00bbdefault\u00bb desktop_text_alignment=\u00bbdefault\u00bb tablet_text_alignment=\u00bbdefault\u00bb phone_text_alignment=\u00bbdefault\u00bb background_color_opacity=\u00bb1&#8243; background_hover_color_opacity=\u00bb1&#8243; column_backdrop_filter=\u00bbnone\u00bb column_shadow=\u00bbnone\u00bb column_border_radius=\u00bbnone\u00bb column_link_target=\u00bb_self\u00bb column_position=\u00bbdefault\u00bb gradient_direction=\u00bbleft_to_right\u00bb overlay_strength=\u00bb0.3&#8243; width=\u00bb1\/1&#8243; tablet_width_inherit=\u00bbdefault\u00bb animation_type=\u00bbdefault\u00bb bg_image_animation=\u00bbnone\u00bb border_type=\u00bbsimple\u00bb column_border_width=\u00bbnone\u00bb column_border_style=\u00bbsolid\u00bb][nectar_horizontal_list_item columns=\u00bb3&#8243; column_layout_using_3_columns=\u00bblarge_middle\u00bb responsive_display=\u00bbstacked\u00bb col_1_text_align=\u00bbleft\u00bb col_2_text_align=\u00bbleft\u00bb col_3_text_align=\u00bbright\u00bb col_1_text_element=\u00bbh4&#8243; col_2_text_element=\u00bbp\u00bb col_3_text_element=\u00bbp\u00bb font_family=\u00bbp\u00bb hover_effect=\u00bbnone\u00bb border_animation=\u00bbtrue\u00bb border_color=\u00bb#e8e8e8&#8243; icon_family=\u00bbnone\u00bb icon_size=\u00bbsmall\u00bb col_1_content=\u00bbAT300&#8243; col_2_content=\u00bbALPHATEC\u00ae 300: Sistema de inyecci\u00f3n para reparaciones estructurales en hormig\u00f3n seco.\u00bb cta_1_text=\u00bb+INFO\u00bb url=\u00bbhttps:\/\/alphatec-engineering.com\/products\/injection-and-concrete-repair-solutions\/at300-alphatec-300-resin-injection-system-with-low-viscosity\/\u00bb][nectar_horizontal_list_item columns=\u00bb3&#8243; column_layout_using_3_columns=\u00bblarge_middle\u00bb responsive_display=\u00bbstacked\u00bb col_1_text_align=\u00bbleft\u00bb col_2_text_align=\u00bbleft\u00bb col_3_text_align=\u00bbright\u00bb col_1_text_element=\u00bbh4&#8243; col_2_text_element=\u00bbp\u00bb col_3_text_element=\u00bbp\u00bb font_family=\u00bbp\u00bb hover_effect=\u00bbnone\u00bb border_animation=\u00bbtrue\u00bb border_color=\u00bb#e8e8e8&#8243; icon_family=\u00bbnone\u00bb icon_size=\u00bbsmall\u00bb col_1_content=\u00bbAT342&#8243; col_2_content=\u00bbALPHATEC\u00ae 342: Reparaciones de hormig\u00f3n h\u00famedo o sumergido.\u00bb cta_1_text=\u00bb+INFO\u00bb url=\u00bbhttps:\/\/alphatec-engineering.com\/products\/injection-and-concrete-repair-solutions\/at342-alphatec-342-resin-injection-system\/\u00bb][nectar_horizontal_list_item columns=\u00bb3&#8243; column_layout_using_3_columns=\u00bblarge_middle\u00bb responsive_display=\u00bbstacked\u00bb col_1_text_align=\u00bbleft\u00bb col_2_text_align=\u00bbleft\u00bb col_3_text_align=\u00bbright\u00bb col_1_text_element=\u00bbh4&#8243; col_2_text_element=\u00bbp\u00bb col_3_text_element=\u00bbp\u00bb font_family=\u00bbp\u00bb hover_effect=\u00bbnone\u00bb border_animation=\u00bbtrue\u00bb border_color=\u00bb#e8e8e8&#8243; icon_family=\u00bbnone\u00bb icon_size=\u00bbsmall\u00bb col_1_content=\u00bbAT370&#8243; col_2_content=\u00bbALPHATEC\u00ae 370: Reparaciones de hormig\u00f3n impregnado de aceite, ideal para entornos industriales exigentes.\u00bb cta_1_text=\u00bb+INFO\u00bb url=\u00bbhttps:\/\/alphatec-engineering.com\/products\/injection-and-concrete-repair-solutions\/at370-alphatec-370-resin-injection-for-oil-soaked-concrete\/\u00bb][nectar_horizontal_list_item columns=\u00bb3&#8243; column_layout_using_3_columns=\u00bblarge_middle\u00bb responsive_display=\u00bbstacked\u00bb col_1_text_align=\u00bbleft\u00bb col_2_text_align=\u00bbleft\u00bb col_3_text_align=\u00bbright\u00bb col_1_text_element=\u00bbh4&#8243; col_2_text_element=\u00bbp\u00bb col_3_text_element=\u00bbp\u00bb font_family=\u00bbp\u00bb hover_effect=\u00bbnone\u00bb border_animation=\u00bbtrue\u00bb border_color=\u00bb#e8e8e8&#8243; icon_family=\u00bbnone\u00bb icon_size=\u00bbsmall\u00bb col_1_content=\u00bbAT141&#8243; col_2_content=\u00bbALPHATEC\u00ae 141: Grout epoxi de fraguado subacu\u00e1tico, dise\u00f1ada para reparaciones r\u00e1pidas y excelente adhesi\u00f3n en condiciones de inmersi\u00f3n.\u00bb cta_1_text=\u00bb+INFO\u00bb url=\u00bbhttps:\/\/alphatec-engineering.com\/products\/injection-and-concrete-repair-solutions\/at141-alphatec-141-underwater-curing-epoxy-grout\/\u00bb][\/vc_column][\/vc_row]\n","protected":false},"excerpt":{"rendered":"<p>[vc_row type=\u00bbin_container\u00bb full_screen_row_position=\u00bbmiddle\u00bb column_margin=\u00bbdefault\u00bb column_direction=\u00bbdefault\u00bb column_direction_tablet=\u00bbdefault\u00bb column_direction_phone=\u00bbdefault\u00bb scene_position=\u00bbcenter\u00bb top_padding=\u00bb150px\u00bb bottom_padding=\u00bb30px\u00bb bottom_padding_phone=\u00bb0px\u00bb text_color=\u00bbdark\u00bb text_align=\u00bbleft\u00bb row_border_radius=\u00bbnone\u00bb row_border_radius_applies=\u00bbbg\u00bb overflow=\u00bbvisible\u00bb overlay_strength=\u00bb0.3&#8243; gradient_direction=\u00bbleft_to_right\u00bb shape_divider_position=\u00bbbottom\u00bb bg_image_animation=\u00bbnone\u00bb gradient_type=\u00bbdefault\u00bb shape_type=\u00bb\u00bb][vc_column column_padding=\u00bbno-extra-padding\u00bb column_padding_tablet=\u00bbinherit\u00bb column_padding_phone=\u00bbinherit\u00bb column_padding_position=\u00bball\u00bb column_element_direction_desktop=\u00bbdefault\u00bb column_element_spacing=\u00bbdefault\u00bb desktop_text_alignment=\u00bbdefault\u00bb tablet_text_alignment=\u00bbdefault\u00bb&#8230;<\/p>\n","protected":false},"author":1,"featured_media":0,"parent":5874,"menu_order":82,"comment_status":"closed","ping_status":"closed","template":"","meta":{"footnotes":""},"class_list":["post-5546","page","type-page","status-publish"],"_links":{"self":[{"href":"https:\/\/alphatec-engineering.com\/es\/wp-json\/wp\/v2\/pages\/5546","targetHints":{"allow":["GET"]}}],"collection":[{"href":"https:\/\/alphatec-engineering.com\/es\/wp-json\/wp\/v2\/pages"}],"about":[{"href":"https:\/\/alphatec-engineering.com\/es\/wp-json\/wp\/v2\/types\/page"}],"author":[{"embeddable":true,"href":"https:\/\/alphatec-engineering.com\/es\/wp-json\/wp\/v2\/users\/1"}],"replies":[{"embeddable":true,"href":"https:\/\/alphatec-engineering.com\/es\/wp-json\/wp\/v2\/comments?post=5546"}],"version-history":[{"count":0,"href":"https:\/\/alphatec-engineering.com\/es\/wp-json\/wp\/v2\/pages\/5546\/revisions"}],"up":[{"embeddable":true,"href":"https:\/\/alphatec-engineering.com\/es\/wp-json\/wp\/v2\/pages\/5874"}],"wp:attachment":[{"href":"https:\/\/alphatec-engineering.com\/es\/wp-json\/wp\/v2\/media?parent=5546"}],"curies":[{"name":"wp","href":"https:\/\/api.w.org\/{rel}","templated":true}]}}