{"id":6413,"date":"2025-02-25T16:53:02","date_gmt":"2025-02-25T15:53:02","guid":{"rendered":"https:\/\/alphatec-engineering.com\/produkte\/high-performance-epoxidharz-vergussmortel-fur-schwermaschinen\/"},"modified":"2025-12-11T10:01:50","modified_gmt":"2025-12-11T09:01:50","slug":"high-performance-epoxidharz-vergussmortel-fur-schwermaschinen","status":"publish","type":"page","link":"https:\/\/alphatec-engineering.com\/de\/produkte\/high-performance-epoxidharz-vergussmortel-fur-schwermaschinen\/","title":{"rendered":"High-Performance-Epoxidharz- Vergussm\u00f6rtel f\u00fcr Schwermaschinen"},"content":{"rendered":"[vc_row type=&#8220;in_container&#8220; full_screen_row_position=&#8220;middle&#8220; column_margin=&#8220;default&#8220; column_direction=&#8220;default&#8220; column_direction_tablet=&#8220;default&#8220; column_direction_phone=&#8220;default&#8220; scene_position=&#8220;center&#8220; top_padding=&#8220;150px&#8220; bottom_padding=&#8220;30px&#8220; bottom_padding_phone=&#8220;0px&#8220; text_color=&#8220;dark&#8220; text_align=&#8220;left&#8220; row_border_radius=&#8220;none&#8220; row_border_radius_applies=&#8220;bg&#8220; overflow=&#8220;visible&#8220; overlay_strength=&#8220;0.3&#8243; gradient_direction=&#8220;left_to_right&#8220; shape_divider_position=&#8220;bottom&#8220; bg_image_animation=&#8220;none&#8220; gradient_type=&#8220;default&#8220; shape_type=&#8220;&#8220;][vc_column column_padding=&#8220;no-extra-padding&#8220; column_padding_tablet=&#8220;inherit&#8220; column_padding_phone=&#8220;inherit&#8220; column_padding_position=&#8220;all&#8220; column_element_direction_desktop=&#8220;default&#8220; column_element_spacing=&#8220;default&#8220; desktop_text_alignment=&#8220;default&#8220; tablet_text_alignment=&#8220;default&#8220; phone_text_alignment=&#8220;default&#8220; background_color_opacity=&#8220;1&#8243; background_hover_color_opacity=&#8220;1&#8243; column_backdrop_filter=&#8220;none&#8220; font_color=&#8220;#4d6dd9&#8243; column_shadow=&#8220;none&#8220; column_border_radius=&#8220;none&#8220; column_link_target=&#8220;_self&#8220; column_position=&#8220;default&#8220; gradient_direction=&#8220;left_to_right&#8220; overlay_strength=&#8220;0.3&#8243; width=&#8220;1\/1&#8243; tablet_width_inherit=&#8220;default&#8220; animation_type=&#8220;default&#8220; bg_image_animation=&#8220;none&#8220; border_type=&#8220;simple&#8220; column_border_width=&#8220;none&#8220; column_border_style=&#8220;solid&#8220; column_padding_type=&#8220;default&#8220; gradient_type=&#8220;default&#8220;][split_line_heading animation_type=&#8220;line-reveal-by-space&#8220; font_style=&#8220;h1&#8243; text_color=&#8220;#333333&#8243; font_size_max=&#8220;70px&#8220; line_reveal_by_space_text_effect=&#8220;letter-reveal-bottom&#8220; stagger_animation=&#8220;true&#8220; content_alignment=&#8220;default&#8220; mobile_content_alignment=&#8220;inherit&#8220; link_target=&#8220;_self&#8220; text_content=&#8220;High-Performance-Epoxidharz- Vergussm\u00f6rtel f\u00fcr Schwermaschinen&#8220; text_direction=&#8220;default&#8220; font_size=&#8220;60px&#8220; font_size_phone=&#8220;40px&#8220; font_line_height=&#8220;1.3&#8243;][\/split_line_heading][\/vc_column][\/vc_row][vc_row type=&#8220;in_container&#8220; full_screen_row_position=&#8220;middle&#8220; column_margin=&#8220;default&#8220; column_direction=&#8220;default&#8220; column_direction_tablet=&#8220;default&#8220; column_direction_phone=&#8220;default&#8220; bg_image=&#8220;4883&#8243; bg_position=&#8220;center center&#8220; background_image_loading=&#8220;default&#8220; bg_repeat=&#8220;no-repeat&#8220; scene_position=&#8220;center&#8220; bottom_margin=&#8220;40px&#8220; text_color=&#8220;light&#8220; text_align=&#8220;left&#8220; row_border_radius=&#8220;none&#8220; row_border_radius_applies=&#8220;bg&#8220; overflow=&#8220;visible&#8220; overlay_strength=&#8220;0.3&#8243; gradient_direction=&#8220;left_to_right&#8220; shape_divider_position=&#8220;bottom&#8220; bg_image_animation=&#8220;none&#8220; gradient_type=&#8220;default&#8220; shape_type=&#8220;&#8220;][vc_column top_padding_desktop=&#8220;200px&#8220; bottom_padding_desktop=&#8220;200px&#8220; left_padding_desktop=&#8220;3%&#8220; constrain_group_101=&#8220;yes&#8220; right_padding_desktop=&#8220;3%&#8220; bottom_padding_phone=&#8220;200px&#8220; column_element_direction_desktop=&#8220;default&#8220; column_element_spacing=&#8220;default&#8220; desktop_text_alignment=&#8220;default&#8220; tablet_text_alignment=&#8220;default&#8220; phone_text_alignment=&#8220;default&#8220; background_color_opacity=&#8220;1&#8243; background_hover_color_opacity=&#8220;1&#8243; column_backdrop_filter=&#8220;none&#8220; column_shadow=&#8220;none&#8220; column_border_radius=&#8220;none&#8220; column_link_target=&#8220;_self&#8220; column_position=&#8220;default&#8220; gradient_direction=&#8220;left_to_right&#8220; overlay_strength=&#8220;0.3&#8243; width=&#8220;1\/1&#8243; tablet_width_inherit=&#8220;default&#8220; animation_type=&#8220;default&#8220; enable_animation=&#8220;true&#8220; animation=&#8220;fade-in-from-bottom&#8220; animation_easing=&#8220;default&#8220; bg_image_animation=&#8220;none&#8220; border_type=&#8220;simple&#8220; column_border_width=&#8220;none&#8220; column_border_style=&#8220;solid&#8220; column_padding_type=&#8220;advanced&#8220; gradient_type=&#8220;default&#8220;][\/vc_column][\/vc_row][vc_row type=&#8220;in_container&#8220; full_screen_row_position=&#8220;middle&#8220; column_margin=&#8220;default&#8220; column_direction=&#8220;default&#8220; column_direction_tablet=&#8220;default&#8220; column_direction_phone=&#8220;default&#8220; scene_position=&#8220;center&#8220; bottom_padding=&#8220;150px&#8220; text_color=&#8220;dark&#8220; text_align=&#8220;left&#8220; row_border_radius=&#8220;none&#8220; row_border_radius_applies=&#8220;bg&#8220; overflow=&#8220;visible&#8220; overlay_strength=&#8220;0.3&#8243; gradient_direction=&#8220;left_to_right&#8220; shape_divider_position=&#8220;bottom&#8220; bg_image_animation=&#8220;none&#8220; gradient_type=&#8220;default&#8220; shape_type=&#8220;&#8220;][vc_column column_padding=&#8220;no-extra-padding&#8220; column_padding_tablet=&#8220;inherit&#8220; column_padding_phone=&#8220;inherit&#8220; column_padding_position=&#8220;all&#8220; column_element_direction_desktop=&#8220;default&#8220; column_element_spacing=&#8220;default&#8220; desktop_text_alignment=&#8220;default&#8220; tablet_text_alignment=&#8220;default&#8220; phone_text_alignment=&#8220;default&#8220; background_color_opacity=&#8220;1&#8243; background_hover_color_opacity=&#8220;1&#8243; column_backdrop_filter=&#8220;none&#8220; column_shadow=&#8220;none&#8220; column_border_radius=&#8220;none&#8220; column_link_target=&#8220;_self&#8220; column_position=&#8220;default&#8220; gradient_direction=&#8220;left_to_right&#8220; overlay_strength=&#8220;0.3&#8243; width=&#8220;1\/1&#8243; tablet_width_inherit=&#8220;default&#8220; animation_type=&#8220;default&#8220; bg_image_animation=&#8220;none&#8220; border_type=&#8220;simple&#8220; column_border_width=&#8220;none&#8220; column_border_style=&#8220;solid&#8220;][nectar_horizontal_list_item columns=&#8220;3&#8243; column_layout_using_3_columns=&#8220;large_middle&#8220; responsive_display=&#8220;stacked&#8220; col_1_text_align=&#8220;left&#8220; col_2_text_align=&#8220;left&#8220; col_3_text_align=&#8220;right&#8220; col_1_text_element=&#8220;h4&#8243; col_2_text_element=&#8220;p&#8220; col_3_text_element=&#8220;p&#8220; font_family=&#8220;p&#8220; hover_effect=&#8220;none&#8220; border_animation=&#8220;true&#8220; border_color=&#8220;#e8e8e8&#8243; icon_family=&#8220;none&#8220; icon_size=&#8220;small&#8220; col_1_content=&#8220;AT800&#8243; col_2_content=&#8220;ALPHATEC\u00ae 800: High-Performance Vergussmasse f\u00fcr schwere Maschinen, erh\u00e4ltlich in Standard- und Winterausf\u00fchrung.&#8220; cta_1_text=&#8220;+INFO&#8220; url=&#8220;https:\/\/alphatec-engineering.com\/de\/produkte\/high-performance-epoxidharz-vergussmortel-fur-schwermaschinen\/alphatec-800-hochleistungs-epoxidharz-vergussmasse\/&#8220;][nectar_horizontal_list_item columns=&#8220;3&#8243; column_layout_using_3_columns=&#8220;large_middle&#8220; responsive_display=&#8220;stacked&#8220; col_1_text_align=&#8220;left&#8220; col_2_text_align=&#8220;left&#8220; col_3_text_align=&#8220;right&#8220; col_1_text_element=&#8220;h4&#8243; col_2_text_element=&#8220;p&#8220; col_3_text_element=&#8220;p&#8220; font_family=&#8220;p&#8220; hover_effect=&#8220;none&#8220; border_animation=&#8220;true&#8220; border_color=&#8220;#e8e8e8&#8243; icon_family=&#8220;none&#8220; icon_size=&#8220;small&#8220; col_1_content=&#8220;AT808&#8243; col_2_content=&#8220;ALPHATEC\u00ae 808: Niedrigviskose Variante f\u00fcr beengte Bereiche und Pr\u00e4zisionsanwendungen.&#8220; cta_1_text=&#8220;+INFO&#8220; url=&#8220;https:\/\/alphatec-engineering.com\/de\/produkte\/high-performance-epoxidharz-vergussmortel-fur-schwermaschinen\/alphatec-808-hochleistungs-epoxidmortel\/&#8220;][nectar_horizontal_list_item columns=&#8220;3&#8243; column_layout_using_3_columns=&#8220;large_middle&#8220; responsive_display=&#8220;stacked&#8220; col_1_text_align=&#8220;left&#8220; col_2_text_align=&#8220;left&#8220; col_3_text_align=&#8220;right&#8220; col_1_text_element=&#8220;h4&#8243; col_2_text_element=&#8220;p&#8220; col_3_text_element=&#8220;p&#8220; font_family=&#8220;p&#8220; hover_effect=&#8220;none&#8220; border_animation=&#8220;true&#8220; border_color=&#8220;#e8e8e8&#8243; icon_family=&#8220;none&#8220; icon_size=&#8220;small&#8220; col_1_content=&#8220;AT110&#8243; col_2_content=&#8220;ALPHATEC\u00ae 110: Schnellh\u00e4rtender Epoxid-Vergussm\u00f6rtel f\u00fcr Installationen in kalten Klimazonen oder f\u00fcr schnelle Wiederinbetriebnahmen w\u00e4hrend industrieller Stillstandszeiten.&#8220; cta_1_text=&#8220;+INFO&#8220; url=&#8220;https:\/\/alphatec-engineering.com\/de\/produkte\/high-performance-epoxidharz-vergussmortel-fur-schwermaschinen\/at110-alphatec-110-schnell-aushartender-epoxid-fugenmortel\/&#8220;][nectar_horizontal_list_item columns=&#8220;3&#8243; column_layout_using_3_columns=&#8220;large_middle&#8220; responsive_display=&#8220;stacked&#8220; col_1_text_align=&#8220;left&#8220; col_2_text_align=&#8220;left&#8220; col_3_text_align=&#8220;right&#8220; col_1_text_element=&#8220;h4&#8243; col_2_text_element=&#8220;p&#8220; col_3_text_element=&#8220;p&#8220; font_family=&#8220;p&#8220; hover_effect=&#8220;none&#8220; border_animation=&#8220;true&#8220; border_color=&#8220;#e8e8e8&#8243; icon_family=&#8220;none&#8220; icon_size=&#8220;small&#8220; col_1_content=&#8220;AT170&#8243; col_2_content=&#8220;ALPHATEC\u00ae 170: Pr\u00e4zisionsvergussm\u00f6rtel f\u00fcr anspruchsvolle Anwendungen \u2013 ersetzt Stahlunterlagen und Ausgleichsplatten unter Schwer- oder Antriebsmaschinen in maritimen Anwendungen.&#8220; cta_1_text=&#8220;+INFO&#8220; url=&#8220;https:\/\/alphatec-engineering.com\/de\/produkte\/high-performance-epoxidharz-vergussmortel-fur-schwermaschinen\/at170-alphatec-170-untergussmortel\/&#8220;][nectar_horizontal_list_item columns=&#8220;3&#8243; column_layout_using_3_columns=&#8220;large_middle&#8220; responsive_display=&#8220;stacked&#8220; col_1_text_align=&#8220;left&#8220; col_2_text_align=&#8220;left&#8220; col_3_text_align=&#8220;right&#8220; col_1_text_element=&#8220;h4&#8243; col_2_text_element=&#8220;p&#8220; col_3_text_element=&#8220;p&#8220; font_family=&#8220;p&#8220; hover_effect=&#8220;none&#8220; border_animation=&#8220;true&#8220; border_color=&#8220;#e8e8e8&#8243; icon_family=&#8220;none&#8220; icon_size=&#8220;small&#8220; col_1_content=&#8220;AT171&#8243; col_2_content=&#8220;ALPHATEC\u00ae 171: Speziell entwickelt f\u00fcr hochbelastbare Chock-Vergussanwendungen in maritimen und industriellen Maschinen \u2013 mit hoher Druckfestigkeit und Konformit\u00e4t zu maritimen Standards.&#8220; cta_1_text=&#8220;+INFO&#8220; url=&#8220;https:\/\/alphatec-engineering.com\/de\/at171-alphatec-171-2\/&#8220;][nectar_horizontal_list_item columns=&#8220;3&#8243; column_layout_using_3_columns=&#8220;large_middle&#8220; responsive_display=&#8220;stacked&#8220; col_1_text_align=&#8220;left&#8220; col_2_text_align=&#8220;left&#8220; col_3_text_align=&#8220;right&#8220; col_1_text_element=&#8220;h4&#8243; col_2_text_element=&#8220;p&#8220; col_3_text_element=&#8220;p&#8220; font_family=&#8220;p&#8220; hover_effect=&#8220;none&#8220; border_animation=&#8220;true&#8220; border_color=&#8220;#e8e8e8&#8243; icon_family=&#8220;none&#8220; icon_size=&#8220;small&#8220; col_1_content=&#8220;AT130&#8243; col_2_content=&#8220;ALPHATEC\u00ae 130: Entwickelt f\u00fcr Hochtemperatur-Industrieanwendungen wie Turbinen und W\u00e4rmetauscher \u2013 gew\u00e4hrleistet Stabilit\u00e4t und Langlebigkeit unter extremen Bedingungen.&#8220; cta_1_text=&#8220;+INFO&#8220; url=&#8220;https:\/\/alphatec-engineering.com\/de\/at130-alphatec-130-epoxidharz-fugenmortel-fur-hohe-temperaturen\/&#8220;][\/vc_column][\/vc_row]\n","protected":false},"excerpt":{"rendered":"<p>[vc_row type=&#8220;in_container&#8220; full_screen_row_position=&#8220;middle&#8220; column_margin=&#8220;default&#8220; column_direction=&#8220;default&#8220; column_direction_tablet=&#8220;default&#8220; column_direction_phone=&#8220;default&#8220; scene_position=&#8220;center&#8220; top_padding=&#8220;150px&#8220; bottom_padding=&#8220;30px&#8220; bottom_padding_phone=&#8220;0px&#8220; text_color=&#8220;dark&#8220; text_align=&#8220;left&#8220; row_border_radius=&#8220;none&#8220; row_border_radius_applies=&#8220;bg&#8220; overflow=&#8220;visible&#8220; overlay_strength=&#8220;0.3&#8243; gradient_direction=&#8220;left_to_right&#8220; shape_divider_position=&#8220;bottom&#8220; bg_image_animation=&#8220;none&#8220; gradient_type=&#8220;default&#8220; shape_type=&#8220;&#8220;][vc_column column_padding=&#8220;no-extra-padding&#8220; column_padding_tablet=&#8220;inherit&#8220; column_padding_phone=&#8220;inherit&#8220; column_padding_position=&#8220;all&#8220; column_element_direction_desktop=&#8220;default&#8220; column_element_spacing=&#8220;default&#8220; desktop_text_alignment=&#8220;default&#8220; tablet_text_alignment=&#8220;default&#8220;&#8230;<\/p>\n","protected":false},"author":1,"featured_media":0,"parent":6338,"menu_order":98,"comment_status":"closed","ping_status":"closed","template":"","meta":{"footnotes":""},"class_list":["post-6413","page","type-page","status-publish"],"_links":{"self":[{"href":"https:\/\/alphatec-engineering.com\/de\/wp-json\/wp\/v2\/pages\/6413","targetHints":{"allow":["GET"]}}],"collection":[{"href":"https:\/\/alphatec-engineering.com\/de\/wp-json\/wp\/v2\/pages"}],"about":[{"href":"https:\/\/alphatec-engineering.com\/de\/wp-json\/wp\/v2\/types\/page"}],"author":[{"embeddable":true,"href":"https:\/\/alphatec-engineering.com\/de\/wp-json\/wp\/v2\/users\/1"}],"replies":[{"embeddable":true,"href":"https:\/\/alphatec-engineering.com\/de\/wp-json\/wp\/v2\/comments?post=6413"}],"version-history":[{"count":0,"href":"https:\/\/alphatec-engineering.com\/de\/wp-json\/wp\/v2\/pages\/6413\/revisions"}],"up":[{"embeddable":true,"href":"https:\/\/alphatec-engineering.com\/de\/wp-json\/wp\/v2\/pages\/6338"}],"wp:attachment":[{"href":"https:\/\/alphatec-engineering.com\/de\/wp-json\/wp\/v2\/media?parent=6413"}],"curies":[{"name":"wp","href":"https:\/\/api.w.org\/{rel}","templated":true}]}}