{"id":6111,"date":"2025-01-30T13:46:49","date_gmt":"2025-01-30T12:46:49","guid":{"rendered":"https:\/\/alphatec-engineering.com\/datenschutzerklarung\/"},"modified":"2025-10-24T17:23:12","modified_gmt":"2025-10-24T15:23:12","slug":"datenschutzerklarung","status":"publish","type":"page","link":"https:\/\/alphatec-engineering.com\/de\/datenschutzerklarung\/","title":{"rendered":"Datenschutzerkl\u00e4rung"},"content":{"rendered":"[vc_row type=&#8220;in_container&#8220; full_screen_row_position=&#8220;middle&#8220; column_margin=&#8220;default&#8220; column_direction=&#8220;default&#8220; column_direction_tablet=&#8220;default&#8220; column_direction_phone=&#8220;default&#8220; scene_position=&#8220;center&#8220; top_padding=&#8220;80px&#8220; bottom_padding=&#8220;8%&#8220; text_color=&#8220;dark&#8220; text_align=&#8220;left&#8220; row_border_radius=&#8220;none&#8220; row_border_radius_applies=&#8220;bg&#8220; overflow=&#8220;visible&#8220; overlay_strength=&#8220;0.3&#8243; gradient_direction=&#8220;left_to_right&#8220; shape_divider_position=&#8220;bottom&#8220; bg_image_animation=&#8220;none&#8220; gradient_type=&#8220;default&#8220; shape_type=&#8220;&#8220;][vc_column column_padding=&#8220;no-extra-padding&#8220; column_padding_tablet=&#8220;inherit&#8220; column_padding_phone=&#8220;inherit&#8220; column_padding_position=&#8220;all&#8220; column_element_direction_desktop=&#8220;default&#8220; column_element_spacing=&#8220;default&#8220; desktop_text_alignment=&#8220;default&#8220; tablet_text_alignment=&#8220;default&#8220; phone_text_alignment=&#8220;default&#8220; background_color_opacity=&#8220;1&#8243; background_hover_color_opacity=&#8220;1&#8243; column_backdrop_filter=&#8220;none&#8220; column_shadow=&#8220;none&#8220; column_border_radius=&#8220;none&#8220; column_link_target=&#8220;_self&#8220; column_position=&#8220;default&#8220; gradient_direction=&#8220;left_to_right&#8220; overlay_strength=&#8220;0.3&#8243; width=&#8220;2\/3&#8243; tablet_width_inherit=&#8220;default&#8220; animation_type=&#8220;default&#8220; bg_image_animation=&#8220;none&#8220; border_type=&#8220;simple&#8220; column_border_width=&#8220;none&#8220; column_border_style=&#8220;solid&#8220;][split_line_heading animation_type=&#8220;line-reveal-by-space&#8220; font_style=&#8220;h3&#8243; text_color=&#8220;#000000&#8243; line_reveal_by_space_text_effect=&#8220;default&#8220; content_alignment=&#8220;default&#8220; mobile_content_alignment=&#8220;inherit&#8220; link_target=&#8220;_self&#8220; text_content=&#8220;Datenschutz und Cookie-Richtlinie&#8220; text_direction=&#8220;default&#8220;][\/split_line_heading][divider line_type=&#8220;No Line&#8220;][vc_column_text]<strong>Ihre Privatsph\u00e4re ist uns wichtig!<\/strong><br \/>\nDiese Website sch\u00fctzt Ihre Privatsph\u00e4re durch Erf\u00fcllung der Datenschutz-Grundverordnung (DSGVO) der Europ\u00e4ischen Union. Wir verwenden Ihre Daten nicht f\u00fcr Zwecke, denen Sie nicht zugestimmt haben.<br \/>\nDiese Richtlinie beschreibt unsere Vorgehensweise in Bezug auf:<br \/>\n1. Die personenbezogenen Daten, die wir auf unserer Website erfassen.<br \/>\n2. Wie wir personenbezogene Daten intern verwenden.<br \/>\n3. Unsere Richtlinie zur Weitergabe Ihrer personenbezogenen Daten an Dritte. <\/p>\n<p><strong>Datenverantwortlicher<\/strong><br \/>\nAlphatec Engineering S.L. CIF: B97438261 Adresse: C\/Oeste 11, CP 46130, Massamagrell, Valencia, Spanien E-Mail: <a href=\"mailto:info@alphatec-engineering.com\">info@alphatec-engineering.com<\/a><\/p>\n<p><strong>Cookie-Richtlinien<\/strong><br \/>\nDiese Website benutzt Google Analytics, einen Webanalysedienst der Google Inc. (\u201eGoogle\u201c). Google Analytics verwendet Cookies. <\/p>\n<p><strong>Was sind Cookies?<\/strong><br \/>\nCookies sind kleine Textdateien, die auf Ihrem Computer oder Mobilger\u00e4t gespeichert werden. Sie werden h\u00e4ufig verwendet, um Websites effizienter arbeiten oder funktionieren zu lassen. Dies ist m\u00f6glich, weil Websites diese Dateien lesen und schreiben k\u00f6nnen, wodurch sie Sie erkennen und Ihnen ein besseres Nutzererlebnis bieten k\u00f6nnen.  <\/p>\n<p><strong>Welche Daten erfassen wir?<\/strong><br \/>\nZu den personenbezogenen Daten, die wir erfassen k\u00f6nnen, geh\u00f6ren:<br \/>\n\u25cf Name<br \/>\n\u25cf E-Mail-Adresse<br \/>\n\u25cf Telefonnummer<br \/>\n\u25cf \u00dcbermittelte Kommentare und Anfragen<br \/>\n\u25cf Heruntergeladene Dokumente<br \/>\nWir k\u00f6nnen Ihre personenbezogenen Daten verwenden, um Ihnen Newsletter, Marketing- oder Werbematerialien und andere Informationen zuzusenden, die f\u00fcr Sie von Interesse sein k\u00f6nnten. Sie k\u00f6nnen den Erhalt einiger oder aller dieser Mitteilungen abbestellen, indem Sie dem Abmeldelink in den von uns gesendeten E-Mails folgen oder sich mit uns in Verbindung setzen. <\/p>\n<p><strong>Ablehnung der Verwendung von Cookies und \u00c4nderung der Einstellungen<\/strong><br \/>\nSie k\u00f6nnen die Verwendung von Cookies ablehnen, indem Sie die entsprechenden Einstellungen in den erweiterten oder benutzerdefinierten Datenschutz- und Sicherheitsoptionen Ihres Browsers vornehmen.<br \/>\nHinweis: Wenn Sie Cookies deaktivieren, k\u00f6nnen Sie m\u00f6glicherweise nicht alle Funktionen dieser Website nutzen.<\/p>\n<p><strong>Datenschutzerkl\u00e4rung<\/strong><br \/>\nWir m\u00f6chten Sie in dieser Datenschutzerkl\u00e4rung \u00fcber die Art, den Umfang und den<br \/>\nZweck der Verarbeitung personenbezogener Daten beim Besuch unserer Website sowie \u00fcber Ihre Rechte<br \/>\nin diesem Zusammenhang informieren.<\/p>\n<p><strong>Wie wir die gesammelten Daten verwenden<\/strong><br \/>\nAlle personenbezogenen Daten, die Sie uns zur Verf\u00fcgung stellen, werden mit gr\u00f6\u00dfter Sorgfalt und Sicherheit behandelt.<br \/>\nDie von uns gesammelten personenbezogenen Daten werden verwendet, um:<br \/>\n\u25cf Ihnen die von Ihnen angeforderten Dienstleistungen zu erbringen.<br \/>\n\u25cf Ihre Anfragen zu beantworten.<br \/>\n\u25cf Ihnen Newsletter, Marketingmaterialien oder Werbeinformationen zuzusenden (nur wenn Sie Ihre Zustimmung gegeben haben).<\/p>\n<p>Wenn Sie solche Mitteilungen nicht erhalten m\u00f6chten, k\u00f6nnen Sie sich abmelden, indem Sie auf den<br \/>\nAbmeldelink in unseren E-Mails klicken oder sich direkt an uns wenden.<\/p>\n<p><strong>Weitergabe Ihrer personenbezogenen Daten<\/strong><br \/>\nSofern wir keine ausdr\u00fcckliche Genehmigung dazu erhalten haben, geben wir die personenbezogenen Daten unserer Nutzer nicht weiter, verkaufen oder \u00fcbertragen sie nicht, au\u00dfer in den folgenden F\u00e4llen:<br \/>\n\u25cf Dienstleister: Unternehmen, die Dienstleistungen wie Webhosting, Datenanalyse oder E-Mail-Versand anbieten und mit denen wir Vertraulichkeitsvereinbarungen unterzeichnet haben.<br \/>\n\u25cf Einhaltung gesetzlicher Vorschriften: Wenn eine gesetzliche Beh\u00f6rde dies gesetzlich vorschreibt. Wenn wir Daten au\u00dferhalb des Europ\u00e4ischen Wirtschaftsraums (EWR) \u00fcbertragen, stellen wir sicher, dass diese \u00dcbertragung gem\u00e4\u00df den von der Europ\u00e4ischen Kommission genehmigten Standardvertragsklauseln oder durch andere<br \/>\n\u25cf Einhaltung gesetzlicher Vorschriften: Wenn eine Justizbeh\u00f6rde dies gesetzlich vorschreibt. Wenn wir Daten au\u00dferhalb des Europ\u00e4ischen Wirtschaftsraums (EWR) \u00fcbertragen, stellen wir sicher, dass diese \u00dcbertragung gem\u00e4\u00df den von der Europ\u00e4ischen Kommission genehmigten Standardvertragsklauseln oder durch andere geeignete Datenschutzmechanismen erfolgt. <\/p>\n<p><strong>Kontaktdaten des Datenschutzbeauftragten (DSB)<\/strong><br \/>\nAlphatec Engineering S.L. hat einen Datenschutzbeauftragten (DSB) ernannt, der die Einhaltung der Datenschutzgesetze \u00fcberwacht und alle Fragen oder Bedenken bez\u00fcglich Ihrer personenbezogenen Daten bearbeitet.<\/p>\n<p>E-Mail des DSB: <a href=\"mailto:info@alphatec-engineering.com\">info@alphatec-engineering.com<\/a><\/p>\n<p>Unser Datenschutzbeauftragter ist daf\u00fcr verantwortlich, dass Ihre personenbezogenen Daten in \u00dcbereinstimmung mit den geltenden Datenschutzgesetzen, einschlie\u00dflich der DSGVO, verarbeitet werden. Wenn Sie Fragen zu dieser Datenschutzerkl\u00e4rung oder zum Umgang mit Ihren personenbezogenen Daten haben, wenden Sie sich bitte unter den oben angegebenen Kontaktdaten an unseren Datenschutzbeauftragten. <\/p>\n<p>Dieses Dokument wurde gem\u00e4\u00df den geltenden Vorschriften aktualisiert. Wir empfehlen Ihnen, es regelm\u00e4\u00dfig zu lesen, um \u00fcber unsere Datenschutz- und Cookie-Richtlinien auf dem Laufenden zu bleiben. <\/p>\n<p>Alphatec Engineering S.L.<br \/>\nAddresse: C\/Oeste 11, CP 46130, Massamagrell, Valencia, Spanien<br \/>\nE-Mail: <a href=\"mailto:info@alphatec-engineering.com\">info@alphatec-engineering.com<\/a><br \/>\nCIF: B97438261[\/vc_column_text][\/vc_column][vc_column column_padding=&#8220;no-extra-padding&#8220; column_padding_tablet=&#8220;inherit&#8220; column_padding_phone=&#8220;inherit&#8220; column_padding_position=&#8220;all&#8220; column_element_direction_desktop=&#8220;default&#8220; column_element_spacing=&#8220;default&#8220; desktop_text_alignment=&#8220;default&#8220; tablet_text_alignment=&#8220;default&#8220; phone_text_alignment=&#8220;default&#8220; background_color_opacity=&#8220;1&#8243; background_hover_color_opacity=&#8220;1&#8243; column_backdrop_filter=&#8220;none&#8220; column_shadow=&#8220;none&#8220; column_border_radius=&#8220;none&#8220; column_link_target=&#8220;_self&#8220; column_position=&#8220;default&#8220; gradient_direction=&#8220;left_to_right&#8220; overlay_strength=&#8220;0.3&#8243; width=&#8220;1\/3&#8243; tablet_width_inherit=&#8220;default&#8220; animation_type=&#8220;default&#8220; bg_image_animation=&#8220;none&#8220; border_type=&#8220;simple&#8220; column_border_width=&#8220;none&#8220; column_border_style=&#8220;solid&#8220;][\/vc_column][\/vc_row]\n","protected":false},"excerpt":{"rendered":"<p>[vc_row type=&#8220;in_container&#8220; full_screen_row_position=&#8220;middle&#8220; column_margin=&#8220;default&#8220; column_direction=&#8220;default&#8220; column_direction_tablet=&#8220;default&#8220; column_direction_phone=&#8220;default&#8220; scene_position=&#8220;center&#8220; top_padding=&#8220;80px&#8220; bottom_padding=&#8220;8%&#8220; text_color=&#8220;dark&#8220; text_align=&#8220;left&#8220; row_border_radius=&#8220;none&#8220; row_border_radius_applies=&#8220;bg&#8220; overflow=&#8220;visible&#8220; overlay_strength=&#8220;0.3&#8243; gradient_direction=&#8220;left_to_right&#8220; shape_divider_position=&#8220;bottom&#8220; bg_image_animation=&#8220;none&#8220; gradient_type=&#8220;default&#8220; shape_type=&#8220;&#8220;][vc_column column_padding=&#8220;no-extra-padding&#8220; column_padding_tablet=&#8220;inherit&#8220; column_padding_phone=&#8220;inherit&#8220; column_padding_position=&#8220;all&#8220; column_element_direction_desktop=&#8220;default&#8220; column_element_spacing=&#8220;default&#8220; desktop_text_alignment=&#8220;default&#8220; tablet_text_alignment=&#8220;default&#8220; phone_text_alignment=&#8220;default&#8220;&#8230;<\/p>\n","protected":false},"author":1,"featured_media":0,"parent":0,"menu_order":68,"comment_status":"closed","ping_status":"open","template":"","meta":{"footnotes":""},"class_list":["post-6111","page","type-page","status-publish"],"_links":{"self":[{"href":"https:\/\/alphatec-engineering.com\/de\/wp-json\/wp\/v2\/pages\/6111","targetHints":{"allow":["GET"]}}],"collection":[{"href":"https:\/\/alphatec-engineering.com\/de\/wp-json\/wp\/v2\/pages"}],"about":[{"href":"https:\/\/alphatec-engineering.com\/de\/wp-json\/wp\/v2\/types\/page"}],"author":[{"embeddable":true,"href":"https:\/\/alphatec-engineering.com\/de\/wp-json\/wp\/v2\/users\/1"}],"replies":[{"embeddable":true,"href":"https:\/\/alphatec-engineering.com\/de\/wp-json\/wp\/v2\/comments?post=6111"}],"version-history":[{"count":0,"href":"https:\/\/alphatec-engineering.com\/de\/wp-json\/wp\/v2\/pages\/6111\/revisions"}],"wp:attachment":[{"href":"https:\/\/alphatec-engineering.com\/de\/wp-json\/wp\/v2\/media?parent=6111"}],"curies":[{"name":"wp","href":"https:\/\/api.w.org\/{rel}","templated":true}]}}